{"id":1960,"date":"2025-02-04T14:53:43","date_gmt":"2025-02-04T14:53:43","guid":{"rendered":"https:\/\/petersontechnologies.com\/?page_id=1960"},"modified":"2025-02-06T17:25:08","modified_gmt":"2025-02-06T17:25:08","slug":"platforms","status":"publish","type":"page","link":"https:\/\/petersontechnologies.com\/pt\/platforms\/","title":{"rendered":"Plataformas - Solu\u00e7\u00f5es inovadoras para um futuro mais verde"},"content":{"rendered":"<div class=\"wp-block-uagb-container team uagb-block-3a22cff4 alignfull uagb-is-root-container\"><div class=\"uagb-container-inner-blocks-wrap\">\n<div data-aos= \"fade-down\" data-aos-duration=\"400\" data-aos-delay=\"0\" data-aos-easing=\"ease\" data-aos-once=\"true\" class=\"wp-block-uagb-advanced-heading uagb-block-e2344a42\"><h2 class=\"uagb-heading-text\">As nossas plataformas<\/h2><div class=\"uagb-separator\"><\/div><p class=\"uagb-desc-text\">Ao identificar desafios partilhados por todas as ind\u00fastrias, criamos plataformas escal\u00e1veis, eficientes e f\u00e1ceis de utilizar que capacitam as empresas com conhecimentos acion\u00e1veis. O nosso objetivo \u00e9 fornecer solu\u00e7\u00f5es intuitivas e de elevado impacto que n\u00e3o s\u00f3 satisfa\u00e7am as exig\u00eancias regulamentares e operacionais, como tamb\u00e9m melhorem a tomada de decis\u00f5es e os esfor\u00e7os de sustentabilidade.<\/p><\/div>\n\n\n\n<div data-aos= \"fade-down\" data-aos-duration=\"400\" data-aos-delay=\"0\" data-aos-easing=\"ease\" data-aos-once=\"true\" class=\"wp-block-uagb-container our-team uagb-block-db9c0e07\">\n<div class=\"wp-block-group is-horizontal is-content-justification-center is-nowrap is-layout-flex wp-container-core-group-is-layout-2256e7f1 wp-block-group-is-layout-flex\">\n<div class=\"wp-block-columns is-layout-flex wp-container-core-columns-is-layout-28f84493 wp-block-columns-is-layout-flex\">\n<div class=\"wp-block-column is-layout-flow wp-block-column-is-layout-flow\">\n<div class=\"info-box\">\n    <div class=\"info-box-wrapper\">\n        <div class=\"info-box-content\">\n            <div class=\"info-box-image\">\n                <img decoding=\"async\" src=\"https:\/\/petersontechnologies.com\/wp-content\/uploads\/2025\/02\/tescnew.png\" alt=\"TESC Logo\" width=\"50\" height=\"50\" loading=\"lazy\"\/>\n            <\/div>\n            <div class=\"info-box-title\">\n                <h3>TESC<\/h3>\n            <\/div>\n            <p class=\"info-box-description\">\n                Simplifica a gest\u00e3o de projectos atrav\u00e9s da centraliza\u00e7\u00e3o de tarefas, documentos e fluxos de trabalho, assegurando a conformidade e a efici\u00eancia com acompanhamento e automatiza\u00e7\u00e3o em tempo real.\n            <\/p>\n            <div class=\"info-box-links\">\n                <a href=\"https:\/\/tesc.peterson-solutions.com\" target=\"_blank\" class=\"info-box-link\" rel=\"noopener noreferrer\">Plataforma de acesso<\/a>\n                <a href=\"\/pt\/platforms\/tesc\/\" target=\"_self\" class=\"info-box-link\" rel=\"noopener noreferrer\">Mais informa\u00e7\u00f5es<\/a>\n            <\/div>\n        <\/div>\n    <\/div>\n<\/div>\n<\/div>\n\n\n\n<div class=\"wp-block-column is-layout-flow wp-block-column-is-layout-flow\">\n<div class=\"info-box\">\n    <div class=\"info-box-wrapper\">\n        <div class=\"info-box-content\">\n            <div class=\"info-box-image\">\n                <img decoding=\"async\" src=\"https:\/\/petersontechnologies.com\/wp-content\/uploads\/2024\/09\/PACHS_icon.png\" alt=\"PACHS Logo\" width=\"50\" height=\"50\" loading=\"lazy\"\/>\n            <\/div>\n            <div class=\"info-box-title\">\n                <h3>PACHS<\/h3>\n            <\/div>\n            <p class=\"info-box-description\">\n                Os nossos pain\u00e9is de controlo digitais fornecem dados agr\u00edcolas, m\u00e9tricas clim\u00e1ticas e an\u00e1lises de risco de micotoxinas, oferecendo informa\u00e7\u00f5es valiosas para uma tomada de decis\u00f5es informada.\n            <\/p>\n            <div class=\"info-box-links\">\n                <a href=\"https:\/\/experience.arcgis.com\/experience\/388a803f509f42cb8d882598d5d344c3\" target=\"_blank\" class=\"info-box-link\" rel=\"noopener noreferrer\">Plataforma de acesso<\/a>\n                <a href=\"\/pt\/platforms\/pachs\/\" target=\"_self\" class=\"info-box-link\" rel=\"noopener noreferrer\">Mais informa\u00e7\u00f5es<\/a>\n            <\/div>\n        <\/div>\n    <\/div>\n<\/div>\n<\/div>\n\n\n\n<div class=\"wp-block-column is-layout-constrained wp-block-column-is-layout-constrained\">\n<div class=\"info-box\">\n    <div class=\"info-box-wrapper\">\n        <div class=\"info-box-content\">\n            <div class=\"info-box-image\">\n                <img decoding=\"async\" src=\"https:\/\/petersontechnologies.com\/wp-content\/uploads\/2024\/09\/PISA_icon.png\" alt=\"PISA Logo\" width=\"50\" height=\"50\" loading=\"lazy\"\/>\n            <\/div>\n            <div class=\"info-box-title\">\n                <h3>PISA<\/h3>\n            <\/div>\n            <p class=\"info-box-description\">\n                Permite uma an\u00e1lise espacial r\u00e1pida, conectando \u00e1reas de interesse com dados socioambientais, gerando um relat\u00f3rio com um c\u00f3digo QR para verifica\u00e7\u00e3o.\n            <\/p>\n            <div class=\"info-box-links\">\n                <a href=\"https:\/\/pisa.peterson-solutions.com\" target=\"_blank\" class=\"info-box-link\" rel=\"noopener noreferrer\">Plataforma de acesso<\/a>\n                <a href=\"\/pt\/platforms\/pisa\/\" target=\"_self\" class=\"info-box-link\" rel=\"noopener noreferrer\">Mais informa\u00e7\u00f5es<\/a>\n            <\/div>\n        <\/div>\n    <\/div>\n<\/div>\n<\/div>\n<\/div>\n<\/div>\n\n\n\n<div class=\"wp-block-group is-content-justification-center is-nowrap is-layout-flex wp-container-core-group-is-layout-23441af8 wp-block-group-is-layout-flex\">\n<div class=\"wp-block-columns wp-container-content-9cfa9a5a is-layout-flex wp-container-core-columns-is-layout-28f84493 wp-block-columns-is-layout-flex\">\n<div class=\"wp-block-column is-layout-constrained wp-block-column-is-layout-constrained\">\n<div class=\"info-box\">\n    <div class=\"info-box-wrapper\">\n        <div class=\"info-box-content\">\n            <div class=\"info-box-image\">\n                <img decoding=\"async\" src=\"https:\/\/petersontechnologies.com\/wp-content\/uploads\/2024\/09\/PURE_icon.png\" alt=\"PURE Logo\" width=\"50\" height=\"50\" loading=\"lazy\"\/>\n            <\/div>\n            <div class=\"info-box-title\">\n                <h3>PURE<\/h3>\n            <\/div>\n            <p class=\"info-box-description\">\n                A nossa plataforma GHG simplifica o acompanhamento das emiss\u00f5es, permitindo que os utilizadores registem e analisem os dados em todos os \u00e2mbitos, visualizando as informa\u00e7\u00f5es num painel de controlo.\n            <\/p>\n            <div class=\"info-box-links\">\n                <a href=\"\/pt\/platforms\/pure\/\" target=\"_self\" class=\"info-box-link\" rel=\"noopener noreferrer\">Mais informa\u00e7\u00f5es<\/a>\n\n            <\/div>\n        <\/div>\n    <\/div>\n<\/div>\n<\/div>\n\n\n\n<div class=\"wp-block-column is-layout-constrained wp-block-column-is-layout-constrained\">\n<div class=\"info-box\">\n    <div class=\"info-box-wrapper\">\n        <div class=\"info-box-content\">\n            <div class=\"info-box-image\">\n                <img decoding=\"async\" src=\"https:\/\/petersontechnologies.com\/wp-content\/uploads\/2025\/02\/csrd_logo.png\" alt=\"PURE Logo\" width=\"50\" height=\"50\" loading=\"lazy\"\/>\n            <\/div>\n            <div class=\"info-box-title\">\n                <h3>CSRD<\/h3>\n            <\/div>\n            <p class=\"info-box-description\">\n              Simplifica a recolha de dados e a elabora\u00e7\u00e3o de relat\u00f3rios, tirando partido da IA para preencher automaticamente informa\u00e7\u00f5es com base nos documentos da sua empresa.\n            <\/p>\n            <div class=\"info-box-links\">\n                <a href=\"\/pt\/compliance\/csrd\/\" target=\"_self\" class=\"info-box-link\" rel=\"noopener noreferrer\">Mais informa\u00e7\u00f5es<\/a>\n\n            <\/div>\n        <\/div>\n    <\/div>\n<\/div>\n<\/div>\n\n\n\n<div class=\"wp-block-column is-layout-constrained wp-block-column-is-layout-constrained\">\n<div class=\"info-box\">\n    <div class=\"info-box-wrapper\">\n        <div class=\"info-box-content\">\n            <div class=\"info-box-image\">\n                <img decoding=\"async\" src=\"https:\/\/petersontechnologies.com\/wp-content\/uploads\/2025\/02\/traceability.png\" alt=\"PURE Logo\" width=\"50\" height=\"50\" loading=\"lazy\"\/>\n            <\/div>\n            <div class=\"info-box-title\">\n                <h3>Rastreabilidade<\/h3>\n            <\/div>\n            <p class=\"info-box-description\">\n              A nossa plataforma de rastreabilidade permite-lhe gerir eficazmente as entidades da sua cadeia de abastecimento e acompanhar as transac\u00e7\u00f5es entre elas. \n            <\/p>\n            <div class=\"info-box-links\">\n                <a href=\"\/pt\/platforms\/\" target=\"_self\" class=\"info-box-link\" rel=\"noopener noreferrer\">Em breve!<\/a>\n\n            <\/div>\n        <\/div>\n    <\/div>\n<\/div>\n<\/div>\n<\/div>\n<\/div>\n\n\n\n<div class=\"wp-block-group is-content-justification-center is-nowrap is-layout-flex wp-container-core-group-is-layout-23441af8 wp-block-group-is-layout-flex\">\n<div class=\"wp-block-columns wp-container-content-9cfa9a5a is-layout-flex wp-container-core-columns-is-layout-28f84493 wp-block-columns-is-layout-flex\">\n<div class=\"wp-block-column is-layout-constrained wp-container-core-column-is-layout-2a929e13 wp-block-column-is-layout-constrained\">\n<div class=\"info-box\">\n    <div class=\"info-box-wrapper\">\n        <div class=\"info-box-content\">\n            <div class=\"info-box-image\">\n                <img decoding=\"async\" src=\"https:\/\/petersontechnologies.com\/wp-content\/uploads\/2025\/02\/connected.png\" alt=\"CONNECTED Logo\" width=\"50\" height=\"50\" loading=\"lazy\"\/>\n            <\/div>\n            <div class=\"info-box-title\">\n                <h3>CONNECTED<\/h3>\n            <\/div>\n            <p class=\"info-box-description\">\n                Rastreabilidade total da cadeia de abastecimento, fornecendo informa\u00e7\u00f5es em tempo real, acompanhamento automatizado da conformidade e mapeamento interativo da cadeia de abastecimento.\n            <\/p>\n            <div class=\"info-box-links\">\n                <a href=\"https:\/\/connected.controlunion.com\/cert\/i\" target=\"_blank\" class=\"info-box-link\" rel=\"noopener noreferrer\">Plataforma de acesso<\/a>\n                <a href=\"\/pt\/platforms\/connected\/\" target=\"_self\" class=\"info-box-link\" rel=\"noopener noreferrer\">Mais informa\u00e7\u00f5es<\/a>\n            <\/div>\n        <\/div>\n    <\/div>\n<\/div>\n<\/div>\n<\/div>\n<\/div>\n<\/div>\n\n\n\n<div data-aos= \"fade-down\" data-aos-duration=\"400\" data-aos-delay=\"0\" data-aos-easing=\"ease\" data-aos-once=\"true\" class=\"wp-block-uagb-container our-team uagb-block-a38bf36b\"><\/div>\n<\/div><\/div>\n\n\n\n<div class=\"wp-block-uagb-container uagb-layout-flex uagb-block-c854d785 alignfull uagb-is-root-container\"><div class=\"uagb-container-inner-blocks-wrap\">\n<div data-aos= \"fade-down\" data-aos-duration=\"400\" data-aos-delay=\"0\" data-aos-easing=\"ease\" data-aos-once=\"true\" class=\"wp-block-uagb-container uagb-layout-grid uagb-block-1af7d822\">\n<div class=\"wp-block-uagb-advanced-heading uagb-block-0b9f45a6\"><h3 class=\"uagb-heading-text\">Gostar\u00edamos de saber mais sobre o seu projeto!<\/h3><\/div>\n\n\n\n<div class=\"wp-block-uagb-buttons uagb-buttons__outer-wrap uagb-btn__default-btn uagb-btn-tablet__default-btn uagb-btn-mobile__default-btn uagb-block-1402d9bd\"><div class=\"uagb-buttons__wrap uagb-buttons-layout-wrap\">\n<div class=\"wp-block-uagb-buttons-child uagb-buttons__outer-wrap uagb-block-6b3c00a0 wp-block-button\"><div class=\"uagb-button__wrapper\"><a class=\"uagb-buttons-repeater wp-block-button__link\" aria-label=\"\" href=\"\/pt\/contact\/\" rel=\"follow noopener\" target=\"_self\" role=\"button\"><div class=\"uagb-button__link\">Contactar a nossa equipa<\/div><\/a><\/div><\/div>\n<\/div><\/div>\n<\/div>\n<\/div><\/div>","protected":false},"excerpt":{"rendered":"<p>Our platforms By identifying shared challenges across industries, we create scalable, efficient, and user-friendly platforms that empower businesses with actionable insights. Our goal is to provide intuitive, high-impact solutions that not only meet regulatory and operational demands but also enhance decision-making and sustainability efforts. TESC Streamlines project management by centralizing tasks, documents, and workflows, ensuring [&hellip;]<\/p>\n","protected":false},"author":2,"featured_media":0,"parent":0,"menu_order":0,"comment_status":"closed","ping_status":"closed","template":"","meta":{"content-type":"","_uag_custom_page_level_css":".mockup-img img {\n\toverflow: visible!important;\n\tmargin-left: 160px;\n}\n\n.img-mockup-mb {\n\tpadding-left: 60px;\n}\n\n.paio-section {\n\tmax-height: 340px;\n}\n\n@media (min-width:1000px) {\n\t.hero-text h4 {\n\tmax-width: 500px;\n\t}\n\t\n\t.intro-text h2 {\n\t\tmax-width: 400px;\n\t}\n}\n\n@media (max-width:800px) {\n\t.uagb-ifb-image-content img {\n\t\twidth: 35px!important;\n\t\tmargin-top: 16px;\n\t}\n}","site-sidebar-layout":"no-sidebar","site-content-layout":"plain-container","ast-site-content-layout":"full-width-container","site-content-style":"unboxed","site-sidebar-style":"unboxed","ast-global-header-display":"","ast-banner-title-visibility":"","ast-main-header-display":"","ast-hfb-above-header-display":"","ast-hfb-below-header-display":"","ast-hfb-mobile-header-display":"","site-post-title":"disabled","ast-breadcrumbs-content":"","ast-featured-img":"disabled","footer-sml-layout":"","theme-transparent-header-meta":"default","adv-header-id-meta":"","stick-header-meta":"","header-above-stick-meta":"","header-main-stick-meta":"","header-below-stick-meta":"","astra-migrate-meta-layouts":"set","ast-page-background-enabled":"default","ast-page-background-meta":{"desktop":{"background-color":"","background-image":"","background-repeat":"repeat","background-position":"center center","background-size":"auto","background-attachment":"scroll","background-type":"","background-media":"","overlay-type":"","overlay-color":"","overlay-opacity":"","overlay-gradient":""},"tablet":{"background-color":"","background-image":"","background-repeat":"repeat","background-position":"center center","background-size":"auto","background-attachment":"scroll","background-type":"","background-media":"","overlay-type":"","overlay-color":"","overlay-opacity":"","overlay-gradient":""},"mobile":{"background-color":"","background-image":"","background-repeat":"repeat","background-position":"center center","background-size":"auto","background-attachment":"scroll","background-type":"","background-media":"","overlay-type":"","overlay-color":"","overlay-opacity":"","overlay-gradient":""}},"ast-content-background-meta":{"desktop":{"background-color":"var(--ast-global-color-5)","background-image":"","background-repeat":"repeat","background-position":"center center","background-size":"auto","background-attachment":"scroll","background-type":"","background-media":"","overlay-type":"","overlay-color":"","overlay-opacity":"","overlay-gradient":""},"tablet":{"background-color":"var(--ast-global-color-5)","background-image":"","background-repeat":"repeat","background-position":"center center","background-size":"auto","background-attachment":"scroll","background-type":"","background-media":"","overlay-type":"","overlay-color":"","overlay-opacity":"","overlay-gradient":""},"mobile":{"background-color":"var(--ast-global-color-5)","background-image":"","background-repeat":"repeat","background-position":"center center","background-size":"auto","background-attachment":"scroll","background-type":"","background-media":"","overlay-type":"","overlay-color":"","overlay-opacity":"","overlay-gradient":""}},"footnotes":""},"class_list":["post-1960","page","type-page","status-publish","hentry"],"yoast_head":"<!-- This site is optimized with the Yoast SEO plugin v26.8 - https:\/\/yoast.com\/product\/yoast-seo-wordpress\/ -->\n<title>Platforms - Innovative Solutions For a Greener Future - Peterson Technologies - Sustainability and Agritech Digital Solutions<\/title>\n<meta name=\"robots\" content=\"index, follow, max-snippet:-1, max-image-preview:large, max-video-preview:-1\" \/>\n<link rel=\"canonical\" href=\"https:\/\/petersontechnologies.com\/pt\/platforms\/\" \/>\n<meta property=\"og:locale\" content=\"pt_PT\" \/>\n<meta property=\"og:type\" content=\"article\" \/>\n<meta property=\"og:title\" content=\"Platforms - Innovative Solutions For a Greener Future - Peterson Technologies - Sustainability and Agritech Digital Solutions\" \/>\n<meta property=\"og:description\" content=\"Our platforms By identifying shared challenges across industries, we create scalable, efficient, and user-friendly platforms that empower businesses with actionable insights. Our goal is to provide intuitive, high-impact solutions that not only meet regulatory and operational demands but also enhance decision-making and sustainability efforts. TESC Streamlines project management by centralizing tasks, documents, and workflows, ensuring [&hellip;]\" \/>\n<meta property=\"og:url\" content=\"https:\/\/petersontechnologies.com\/pt\/platforms\/\" \/>\n<meta property=\"og:site_name\" content=\"Peterson Technologies - Sustainability and Agritech Digital Solutions\" \/>\n<meta property=\"article:modified_time\" content=\"2025-02-06T17:25:08+00:00\" \/>\n<meta property=\"og:image\" content=\"https:\/\/petersontechnologies.com\/wp-content\/uploads\/2025\/02\/tescnew.png\" \/>\n<meta name=\"twitter:card\" content=\"summary_large_image\" \/>\n<meta name=\"twitter:label1\" content=\"Tempo estimado de leitura\" \/>\n\t<meta name=\"twitter:data1\" content=\"4 minutos\" \/>\n<script type=\"application\/ld+json\" class=\"yoast-schema-graph\">{\"@context\":\"https:\/\/schema.org\",\"@graph\":[{\"@type\":\"WebPage\",\"@id\":\"https:\/\/petersontechnologies.com\/es\/platforms\/\",\"url\":\"https:\/\/petersontechnologies.com\/es\/platforms\/\",\"name\":\"Platforms - Innovative Solutions For a Greener Future - Peterson Technologies - Sustainability and Agritech Digital Solutions\",\"isPartOf\":{\"@id\":\"https:\/\/petersontechnologies.com\/#website\"},\"primaryImageOfPage\":{\"@id\":\"https:\/\/petersontechnologies.com\/es\/platforms\/#primaryimage\"},\"image\":{\"@id\":\"https:\/\/petersontechnologies.com\/es\/platforms\/#primaryimage\"},\"thumbnailUrl\":\"https:\/\/petersontechnologies.com\/wp-content\/uploads\/2025\/02\/tescnew.png\",\"datePublished\":\"2025-02-04T14:53:43+00:00\",\"dateModified\":\"2025-02-06T17:25:08+00:00\",\"breadcrumb\":{\"@id\":\"https:\/\/petersontechnologies.com\/es\/platforms\/#breadcrumb\"},\"inLanguage\":\"pt-PT\",\"potentialAction\":[{\"@type\":\"ReadAction\",\"target\":[\"https:\/\/petersontechnologies.com\/es\/platforms\/\"]}]},{\"@type\":\"ImageObject\",\"inLanguage\":\"pt-PT\",\"@id\":\"https:\/\/petersontechnologies.com\/es\/platforms\/#primaryimage\",\"url\":\"https:\/\/petersontechnologies.com\/wp-content\/uploads\/2025\/02\/tescnew.png\",\"contentUrl\":\"https:\/\/petersontechnologies.com\/wp-content\/uploads\/2025\/02\/tescnew.png\"},{\"@type\":\"BreadcrumbList\",\"@id\":\"https:\/\/petersontechnologies.com\/es\/platforms\/#breadcrumb\",\"itemListElement\":[{\"@type\":\"ListItem\",\"position\":1,\"name\":\"Home\",\"item\":\"https:\/\/petersontechnologies.com\/\"},{\"@type\":\"ListItem\",\"position\":2,\"name\":\"Platforms &#8211; Innovative Solutions For a Greener Future\"}]},{\"@type\":\"WebSite\",\"@id\":\"https:\/\/petersontechnologies.com\/#website\",\"url\":\"https:\/\/petersontechnologies.com\/\",\"name\":\"Peterson Technologies\",\"description\":\"\",\"publisher\":{\"@id\":\"https:\/\/petersontechnologies.com\/#organization\"},\"potentialAction\":[{\"@type\":\"SearchAction\",\"target\":{\"@type\":\"EntryPoint\",\"urlTemplate\":\"https:\/\/petersontechnologies.com\/?s={search_term_string}\"},\"query-input\":{\"@type\":\"PropertyValueSpecification\",\"valueRequired\":true,\"valueName\":\"search_term_string\"}}],\"inLanguage\":\"pt-PT\"},{\"@type\":\"Organization\",\"@id\":\"https:\/\/petersontechnologies.com\/#organization\",\"name\":\"Peterson Technologies\",\"url\":\"https:\/\/petersontechnologies.com\/\",\"logo\":{\"@type\":\"ImageObject\",\"inLanguage\":\"pt-PT\",\"@id\":\"https:\/\/petersontechnologies.com\/#\/schema\/logo\/image\/\",\"url\":\"https:\/\/petersontechnologies.com\/wp-content\/uploads\/2025\/01\/Peterson-Solutions-Logo_Full-Colour.png\",\"contentUrl\":\"https:\/\/petersontechnologies.com\/wp-content\/uploads\/2025\/01\/Peterson-Solutions-Logo_Full-Colour.png\",\"width\":1986,\"height\":240,\"caption\":\"Peterson Technologies\"},\"image\":{\"@id\":\"https:\/\/petersontechnologies.com\/#\/schema\/logo\/image\/\"}}]}<\/script>\n<!-- \/ Yoast SEO plugin. -->","yoast_head_json":{"title":"Platforms - Innovative Solutions For a Greener Future - Peterson Technologies - Sustainability and Agritech Digital Solutions","robots":{"index":"index","follow":"follow","max-snippet":"max-snippet:-1","max-image-preview":"max-image-preview:large","max-video-preview":"max-video-preview:-1"},"canonical":"https:\/\/petersontechnologies.com\/pt\/platforms\/","og_locale":"pt_PT","og_type":"article","og_title":"Platforms - Innovative Solutions For a Greener Future - Peterson Technologies - Sustainability and Agritech Digital Solutions","og_description":"Our platforms By identifying shared challenges across industries, we create scalable, efficient, and user-friendly platforms that empower businesses with actionable insights. Our goal is to provide intuitive, high-impact solutions that not only meet regulatory and operational demands but also enhance decision-making and sustainability efforts. TESC Streamlines project management by centralizing tasks, documents, and workflows, ensuring [&hellip;]","og_url":"https:\/\/petersontechnologies.com\/pt\/platforms\/","og_site_name":"Peterson Technologies - Sustainability and Agritech Digital Solutions","article_modified_time":"2025-02-06T17:25:08+00:00","og_image":[{"url":"https:\/\/petersontechnologies.com\/wp-content\/uploads\/2025\/02\/tescnew.png","type":"","width":"","height":""}],"twitter_card":"summary_large_image","twitter_misc":{"Tempo estimado de leitura":"4 minutos"},"schema":{"@context":"https:\/\/schema.org","@graph":[{"@type":"WebPage","@id":"https:\/\/petersontechnologies.com\/es\/platforms\/","url":"https:\/\/petersontechnologies.com\/es\/platforms\/","name":"Platforms - Innovative Solutions For a Greener Future - Peterson Technologies - Sustainability and Agritech Digital Solutions","isPartOf":{"@id":"https:\/\/petersontechnologies.com\/#website"},"primaryImageOfPage":{"@id":"https:\/\/petersontechnologies.com\/es\/platforms\/#primaryimage"},"image":{"@id":"https:\/\/petersontechnologies.com\/es\/platforms\/#primaryimage"},"thumbnailUrl":"https:\/\/petersontechnologies.com\/wp-content\/uploads\/2025\/02\/tescnew.png","datePublished":"2025-02-04T14:53:43+00:00","dateModified":"2025-02-06T17:25:08+00:00","breadcrumb":{"@id":"https:\/\/petersontechnologies.com\/es\/platforms\/#breadcrumb"},"inLanguage":"pt-PT","potentialAction":[{"@type":"ReadAction","target":["https:\/\/petersontechnologies.com\/es\/platforms\/"]}]},{"@type":"ImageObject","inLanguage":"pt-PT","@id":"https:\/\/petersontechnologies.com\/es\/platforms\/#primaryimage","url":"https:\/\/petersontechnologies.com\/wp-content\/uploads\/2025\/02\/tescnew.png","contentUrl":"https:\/\/petersontechnologies.com\/wp-content\/uploads\/2025\/02\/tescnew.png"},{"@type":"BreadcrumbList","@id":"https:\/\/petersontechnologies.com\/es\/platforms\/#breadcrumb","itemListElement":[{"@type":"ListItem","position":1,"name":"Home","item":"https:\/\/petersontechnologies.com\/"},{"@type":"ListItem","position":2,"name":"Platforms &#8211; Innovative Solutions For a Greener Future"}]},{"@type":"WebSite","@id":"https:\/\/petersontechnologies.com\/#website","url":"https:\/\/petersontechnologies.com\/","name":"Peterson Technologies","description":"","publisher":{"@id":"https:\/\/petersontechnologies.com\/#organization"},"potentialAction":[{"@type":"SearchAction","target":{"@type":"EntryPoint","urlTemplate":"https:\/\/petersontechnologies.com\/?s={search_term_string}"},"query-input":{"@type":"PropertyValueSpecification","valueRequired":true,"valueName":"search_term_string"}}],"inLanguage":"pt-PT"},{"@type":"Organization","@id":"https:\/\/petersontechnologies.com\/#organization","name":"Peterson Technologies","url":"https:\/\/petersontechnologies.com\/","logo":{"@type":"ImageObject","inLanguage":"pt-PT","@id":"https:\/\/petersontechnologies.com\/#\/schema\/logo\/image\/","url":"https:\/\/petersontechnologies.com\/wp-content\/uploads\/2025\/01\/Peterson-Solutions-Logo_Full-Colour.png","contentUrl":"https:\/\/petersontechnologies.com\/wp-content\/uploads\/2025\/01\/Peterson-Solutions-Logo_Full-Colour.png","width":1986,"height":240,"caption":"Peterson Technologies"},"image":{"@id":"https:\/\/petersontechnologies.com\/#\/schema\/logo\/image\/"}}]}},"uagb_featured_image_src":{"full":false,"thumbnail":false,"medium":false,"medium_large":false,"large":false,"1536x1536":false,"2048x2048":false,"trp-custom-language-flag":false,"gform-image-choice-sm":false,"gform-image-choice-md":false,"gform-image-choice-lg":false},"uagb_author_info":{"display_name":"peterson","author_link":"https:\/\/petersontechnologies.com\/pt\/author\/peterson\/"},"uagb_comment_info":0,"uagb_excerpt":"Our platforms By identifying shared challenges across industries, we create scalable, efficient, and user-friendly platforms that empower businesses with actionable insights. Our goal is to provide intuitive, high-impact solutions that not only meet regulatory and operational demands but also enhance decision-making and sustainability efforts. TESC Streamlines project management by centralizing tasks, documents, and workflows, ensuring&hellip;","_links":{"self":[{"href":"https:\/\/petersontechnologies.com\/pt\/wp-json\/wp\/v2\/pages\/1960","targetHints":{"allow":["GET"]}}],"collection":[{"href":"https:\/\/petersontechnologies.com\/pt\/wp-json\/wp\/v2\/pages"}],"about":[{"href":"https:\/\/petersontechnologies.com\/pt\/wp-json\/wp\/v2\/types\/page"}],"author":[{"embeddable":true,"href":"https:\/\/petersontechnologies.com\/pt\/wp-json\/wp\/v2\/users\/2"}],"replies":[{"embeddable":true,"href":"https:\/\/petersontechnologies.com\/pt\/wp-json\/wp\/v2\/comments?post=1960"}],"version-history":[{"count":57,"href":"https:\/\/petersontechnologies.com\/pt\/wp-json\/wp\/v2\/pages\/1960\/revisions"}],"predecessor-version":[{"id":2183,"href":"https:\/\/petersontechnologies.com\/pt\/wp-json\/wp\/v2\/pages\/1960\/revisions\/2183"}],"wp:attachment":[{"href":"https:\/\/petersontechnologies.com\/pt\/wp-json\/wp\/v2\/media?parent=1960"}],"curies":[{"name":"wp","href":"https:\/\/api.w.org\/{rel}","templated":true}]}}