{"id":1781,"date":"2024-11-12T21:26:30","date_gmt":"2024-11-12T21:26:30","guid":{"rendered":"https:\/\/petersontechnologies.com\/?page_id=1781"},"modified":"2025-02-04T15:58:24","modified_gmt":"2025-02-04T15:58:24","slug":"connected","status":"publish","type":"page","link":"https:\/\/petersontechnologies.com\/pt\/platforms\/connected\/","title":{"rendered":"CONNECTED - Rastreabilidade para produtos t\u00eaxteis"},"content":{"rendered":"<div id=\"intro\" class=\"wp-block-uagb-container uagb-block-4741146c alignfull uagb-is-root-container\"><div class=\"uagb-container-inner-blocks-wrap\">\n<div class=\"wp-block-uagb-container uagb-block-22006212\">\n<div data-aos= \"fade-down\" data-aos-duration=\"400\" data-aos-delay=\"0\" data-aos-easing=\"ease\" data-aos-once=\"true\" class=\"wp-block-uagb-info-box uagb-block-4a341757 uagb-infobox__content-wrap  uagb-infobox-icon-above-title uagb-infobox-image-valign-top hero-text platform-h1\"><div class=\"uagb-ifb-content\"><div class=\"uagb-ifb-title-wrap\"><h1 class=\"uagb-ifb-title-prefix\">Assegurar a rastreabilidade total desde as mat\u00e9rias-primas at\u00e9 ao produto final&nbsp;<\/h1><div class=\"uagb-ifb-separator\"><\/div><\/div><div class=\"uagb-ifb-button-wrapper wp-block-button\"><a href=\"https:\/\/connected.controlunion.com\/cert\/i\" class=\"uagb-infobox-cta-link wp-block-button__link\" target=\"_blank\" rel=\"noopener noreferrer\" onclick=\"return true;\"><span class=\"uagb-inline-editing\">Plataforma de acesso<\/span><svg xmlns=\"https:\/\/www.w3.org\/2000\/svg\" viewbox=\"0 0 512 512\"><path d=\"M504.3 273.6l-112.1 104c-6.992 6.484-17.18 8.218-25.94 4.406c-8.758-3.812-14.42-12.45-14.42-21.1L351.9 288H32C14.33 288 .0002 273.7 .0002 255.1S14.33 224 32 224h319.9l0-72c0-9.547 5.66-18.19 14.42-22c8.754-3.809 18.95-2.075 25.94 4.41l112.1 104C514.6 247.9 514.6 264.1 504.3 273.6z\"><\/path><\/svg><\/a><\/div><\/div><\/div>\n<\/div>\n<\/div><\/div>\n\n\n\n<div data-aos= \"fade-down\" data-aos-duration=\"400\" data-aos-delay=\"0\" data-aos-easing=\"ease\" data-aos-once=\"true\" class=\"wp-block-uagb-container uagb-block-6d979120 alignfull uagb-is-root-container\"><div class=\"uagb-container-inner-blocks-wrap\">\n<figure class=\"wp-block-embed is-type-video is-provider-youtube wp-block-embed-youtube wp-embed-aspect-16-9 wp-has-aspect-ratio platform-hero-img\"><div class=\"wp-block-embed__wrapper\">\n<div class=\"ast-oembed-container\" style=\"height: 100%;\"><iframe loading=\"lazy\" title=\"CONECTADO - Solu\u00e7\u00f5es Peterson\" width=\"500\" height=\"281\" src=\"https:\/\/www.youtube.com\/embed\/_gW4ySo4xqk?feature=oembed\" frameborder=\"0\" allow=\"accelerometer; autoplay; clipboard-write; encrypted-media; gyroscope; picture-in-picture; web-share\" referrerpolicy=\"strict-origin-when-cross-origin\" allowfullscreen><\/iframe><\/div>\n<\/div><\/figure>\n<\/div><\/div>\n\n\n\n<div id=\"about\" class=\"wp-block-uagb-container uagb-block-022e4851 alignfull uagb-is-root-container\"><div class=\"uagb-container-inner-blocks-wrap\">\n<div class=\"wp-block-uagb-container uagb-block-e9f98931\">\n<div data-aos= \"fade-right\" data-aos-duration=\"400\" data-aos-delay=\"0\" data-aos-easing=\"ease\" data-aos-once=\"true\" class=\"wp-block-uagb-image alignleft uagb-block-6fe9a579 wp-block-uagb-image--layout-default wp-block-uagb-image--effect-static wp-block-uagb-image--align-left\"><figure class=\"wp-block-uagb-image__figure\"><img decoding=\"async\" srcset=\"https:\/\/petersontechnologies.com\/wp-content\/uploads\/2024\/11\/CONNECTED_1.png ,https:\/\/petersontechnologies.com\/wp-content\/uploads\/2024\/11\/CONNECTED_1.png 780w, https:\/\/petersontechnologies.com\/wp-content\/uploads\/2024\/11\/CONNECTED_1.png 360w\" sizes=\"auto, (max-width: 480px) 150px\" src=\"https:\/\/petersontechnologies.com\/wp-content\/uploads\/2024\/11\/CONNECTED_1.png\" alt=\"\" class=\"uag-image-1790\" width=\"480\" height=\"576\" title=\"CONECTADO_1\" loading=\"lazy\" role=\"img\"\/><\/figure><\/div>\n\n\n\n<div data-aos= \"fade-right\" data-aos-duration=\"400\" data-aos-delay=\"0\" data-aos-easing=\"ease\" data-aos-once=\"true\" class=\"wp-block-uagb-image alignright uagb-block-dec73cc5 wp-block-uagb-image--layout-default wp-block-uagb-image--effect-static wp-block-uagb-image--align-right\"><figure class=\"wp-block-uagb-image__figure\"><img decoding=\"async\" srcset=\"https:\/\/petersontechnologies.com\/wp-content\/uploads\/2024\/09\/PURE_2.png ,https:\/\/petersontechnologies.com\/wp-content\/uploads\/2024\/09\/PURE_2.png 780w, https:\/\/petersontechnologies.com\/wp-content\/uploads\/2024\/09\/PURE_2.png 360w\" sizes=\"auto, (max-width: 480px) 150px\" src=\"https:\/\/petersontechnologies.com\/wp-content\/uploads\/2024\/09\/PURE_2.png\" alt=\"\" class=\"uag-image-1319\" width=\"245\" height=\"367\" title=\"PURE_2\" loading=\"lazy\" role=\"img\"\/><\/figure><\/div>\n<\/div>\n\n\n\n<div class=\"wp-block-uagb-container uagb-block-fa6dac93\">\n<div data-aos= \"fade-left\" data-aos-duration=\"400\" data-aos-delay=\"0\" data-aos-easing=\"ease\" data-aos-once=\"true\" class=\"wp-block-uagb-info-box uagb-block-0802725e uagb-infobox__content-wrap  uagb-infobox-icon-above-title uagb-infobox-image-valign-top intro-text\"><div class=\"uagb-ifb-content\"><div class=\"uagb-ifb-title-wrap\"><h2 class=\"uagb-ifb-title\">Dados abrangentes da cadeia de abastecimento<\/h2><\/div><div class=\"uagb-ifb-separator\"><\/div><p class=\"uagb-ifb-desc\">Utilizando o CONNECTED, as empresas podem aceder a uma vasta gama de dados, desde fornecedores e detalhes de processos a informa\u00e7\u00f5es sobre conformidade e o fluxo de materiais. A visibilidade completa permite que as empresas avaliem os riscos e impactos comunit\u00e1rios e ambientais e a gest\u00e3o de programas de sustentabilidade.<br><br>Compreender a sua cadeia de abastecimento est\u00e1 a tornar-se cada vez mais importante, com as exig\u00eancias dos consumidores para saberem mais sobre as origens e os m\u00e9todos de produ\u00e7\u00e3o de um produto a aumentarem no meio de um quadro regulamentar cada vez mais rigoroso.&nbsp;<\/p><\/div><\/div>\n<\/div>\n<\/div><\/div>\n\n\n\n<div id=\"solutions\" class=\"wp-block-uagb-container services uagb-block-bab325b7 alignfull uagb-is-root-container\"><div class=\"uagb-container-inner-blocks-wrap\">\n<div data-aos= \"fade-down\" data-aos-duration=\"400\" data-aos-delay=\"0\" data-aos-easing=\"ease\" data-aos-once=\"true\" class=\"wp-block-uagb-advanced-heading uagb-block-e2344a42\"><h2 class=\"uagb-heading-text\"><strong>CONNECTED: mais do que apenas software<\/strong><\/h2><div class=\"uagb-separator\"><\/div><p class=\"uagb-desc-text\">Ao escolher o CONNECTED, ir\u00e1 tirar partido de uma plataforma poderosa concebida por l\u00edderes da ind\u00fastria para fornecer visibilidade abrangente da cadeia de fornecimento e gest\u00e3o da sustentabilidade, adaptada \u00e0s necessidades exclusivas da sua empresa.<br><\/p><\/div>\n\n\n\n<div class=\"wp-block-uagb-container uagb-block-576a2787\">\n<div data-aos= \"fade-down\" data-aos-duration=\"400\" data-aos-delay=\"0\" data-aos-easing=\"ease\" data-aos-once=\"true\" class=\"wp-block-uagb-container uagb-block-84d1f0cd\">\n<div class=\"wp-block-uagb-info-box uagb-block-5d115bbb uagb-infobox__content-wrap  uagb-infobox-icon-above-title uagb-infobox-image-valign-top\"><div class=\"uagb-ifb-content\"><div class=\"uagb-ifb-image-content\"><img decoding=\"async\" src=\"https:\/\/petersontechnologies.com\/wp-content\/uploads\/2024\/08\/supplychain_icon.png\" alt=\"\" width=\"14\" height=\"14\" loading=\"lazy\"\/><\/div><div class=\"uagb-ifb-title-wrap\"><h4 class=\"uagb-ifb-title\">Mapeamento de servi\u00e7os de fornecedores<\/h4><\/div><p class=\"uagb-ifb-desc\">Obtenha informa\u00e7\u00f5es sobre a sua cadeia de abastecimento, desde a origem das fibras at\u00e9 ao destino dos produtos. O CONNECTED mapeia todos os fluxos a montante e a jusante, mostrando exatamente onde materiais como o fio s\u00e3o obtidos e utilizados.<\/p><\/div><\/div>\n<\/div>\n\n\n\n<div data-aos= \"fade-down\" data-aos-duration=\"400\" data-aos-delay=\"0\" data-aos-easing=\"ease\" data-aos-once=\"true\" class=\"wp-block-uagb-container uagb-block-09c4f0c2\">\n<div class=\"wp-block-uagb-info-box uagb-block-99a024d1 uagb-infobox__content-wrap  uagb-infobox-icon-above-title uagb-infobox-image-valign-top\"><div class=\"uagb-ifb-content\"><div class=\"uagb-ifb-image-content\"><img decoding=\"async\" src=\"https:\/\/petersontechnologies.com\/wp-content\/uploads\/2024\/08\/traceability_icon.png\" alt=\"\" width=\"14\" height=\"14\" loading=\"lazy\"\/><\/div><div class=\"uagb-ifb-title-wrap\"><h4 class=\"uagb-ifb-title\">Rastreabilidade<\/h4><\/div><p class=\"uagb-ifb-desc\">Gerir encomendas, expedi\u00e7\u00f5es e stocks sem problemas. O CONNECTED oferece notifica\u00e7\u00f5es autom\u00e1ticas aos fornecedores e an\u00e1lises completas, abrangendo fluxos de materiais certificados e n\u00e3o certificados.<\/p><\/div><\/div>\n<\/div>\n\n\n\n<div data-aos= \"fade-down\" data-aos-duration=\"400\" data-aos-delay=\"0\" data-aos-easing=\"ease\" data-aos-once=\"true\" class=\"wp-block-uagb-container uagb-block-0d266493\">\n<div class=\"wp-block-uagb-info-box uagb-block-ecf2295d uagb-infobox__content-wrap  uagb-infobox-icon-above-title uagb-infobox-image-valign-top\"><div class=\"uagb-ifb-content\"><div class=\"uagb-ifb-image-content\"><img decoding=\"async\" src=\"https:\/\/petersontechnologies.com\/wp-content\/uploads\/2024\/10\/tool.png\" alt=\"\" width=\"14\" height=\"14\" loading=\"lazy\"\/><\/div><div class=\"uagb-ifb-title-wrap\"><h4 class=\"uagb-ifb-title\">Integra\u00e7\u00f5es API e ERP<\/h4><\/div><p class=\"uagb-ifb-desc\">Integre-se perfeitamente com o seu sistema ERP utilizando as APIs adapt\u00e1veis do CONNECTED. Automatize a transfer\u00eancia de dados para encomendas e expedi\u00e7\u00f5es, assegurando um fluxo de informa\u00e7\u00e3o eficiente e fluido.<\/p><\/div><\/div>\n<\/div>\n<\/div>\n<\/div><\/div>\n\n\n\n<div class=\"wp-block-uagb-container uagb-layout-flex uagb-block-c854d785 alignfull uagb-is-root-container\"><div class=\"uagb-container-inner-blocks-wrap\">\n<div data-aos= \"fade-down\" data-aos-duration=\"400\" data-aos-delay=\"0\" data-aos-easing=\"ease\" data-aos-once=\"true\" class=\"wp-block-uagb-container uagb-layout-grid uagb-block-1af7d822\">\n<div class=\"wp-block-uagb-advanced-heading uagb-block-0b9f45a6\"><h3 class=\"uagb-heading-text\">Pronto para ver o CONNECTED em a\u00e7\u00e3o? Agende uma demonstra\u00e7\u00e3o hoje mesmo<\/h3><\/div>\n\n\n\n<div class=\"wp-block-uagb-buttons uagb-buttons__outer-wrap uagb-btn__default-btn uagb-btn-tablet__default-btn uagb-btn-mobile__default-btn uagb-block-1402d9bd\"><div class=\"uagb-buttons__wrap uagb-buttons-layout-wrap\">\n<div class=\"wp-block-uagb-buttons-child uagb-buttons__outer-wrap uagb-block-6b3c00a0 wp-block-button\"><div class=\"uagb-button__wrapper\"><a class=\"uagb-buttons-repeater wp-block-button__link\" aria-label=\"\" href=\"\/pt\/contact\/\" rel=\"follow noopener\" target=\"_blank\" role=\"button\"><div class=\"uagb-button__link\">Agendar uma demonstra\u00e7\u00e3o<\/div><\/a><\/div><\/div>\n<\/div><\/div>\n<\/div>\n<\/div><\/div>\n\n\n\n<p><\/p>","protected":false},"excerpt":{"rendered":"<p>CONNECTED: mais do que um simples software Ao escolher o CONNECTED, ir\u00e1 tirar partido de uma plataforma poderosa concebida por l\u00edderes da ind\u00fastria para proporcionar uma visibilidade abrangente da cadeia de abastecimento e uma gest\u00e3o da sustentabilidade, adaptada \u00e0s necessidades espec\u00edficas da sua empresa. Pronto para ver o CONNECTED em a\u00e7\u00e3o? Agende uma demonstra\u00e7\u00e3o hoje mesmo<\/p>","protected":false},"author":2,"featured_media":0,"parent":1960,"menu_order":0,"comment_status":"closed","ping_status":"closed","template":"","meta":{"content-type":"","_uag_custom_page_level_css":".mockup-img img {\n\toverflow: visible!important;\n\tmargin-left: 160px;\n}\n\n.img-mockup-mb {\n\tpadding-left: 60px;\n}\n\n.paio-section {\n\tmax-height: 340px;\n}\n\n@media (min-width:1000px) {\n\t.hero-text h4 {\n\tmax-width: 500px;\n\t}\n\t\n\t.intro-text h2 {\n\t\tmax-width: 400px;\n\t}\n}\n\n@media (max-width:800px) {\n\t.uagb-ifb-image-content img {\n\t\twidth: 35px!important;\n\t\tmargin-top: 16px;\n\t}\n}","site-sidebar-layout":"no-sidebar","site-content-layout":"plain-container","ast-site-content-layout":"full-width-container","site-content-style":"unboxed","site-sidebar-style":"unboxed","ast-global-header-display":"","ast-banner-title-visibility":"","ast-main-header-display":"","ast-hfb-above-header-display":"","ast-hfb-below-header-display":"","ast-hfb-mobile-header-display":"","site-post-title":"disabled","ast-breadcrumbs-content":"","ast-featured-img":"disabled","footer-sml-layout":"","theme-transparent-header-meta":"default","adv-header-id-meta":"","stick-header-meta":"","header-above-stick-meta":"","header-main-stick-meta":"","header-below-stick-meta":"","astra-migrate-meta-layouts":"set","ast-page-background-enabled":"default","ast-page-background-meta":{"desktop":{"background-color":"","background-image":"","background-repeat":"repeat","background-position":"center center","background-size":"auto","background-attachment":"scroll","background-type":"","background-media":"","overlay-type":"","overlay-color":"","overlay-opacity":"","overlay-gradient":""},"tablet":{"background-color":"","background-image":"","background-repeat":"repeat","background-position":"center center","background-size":"auto","background-attachment":"scroll","background-type":"","background-media":"","overlay-type":"","overlay-color":"","overlay-opacity":"","overlay-gradient":""},"mobile":{"background-color":"","background-image":"","background-repeat":"repeat","background-position":"center center","background-size":"auto","background-attachment":"scroll","background-type":"","background-media":"","overlay-type":"","overlay-color":"","overlay-opacity":"","overlay-gradient":""}},"ast-content-background-meta":{"desktop":{"background-color":"var(--ast-global-color-5)","background-image":"","background-repeat":"repeat","background-position":"center center","background-size":"auto","background-attachment":"scroll","background-type":"","background-media":"","overlay-type":"","overlay-color":"","overlay-opacity":"","overlay-gradient":""},"tablet":{"background-color":"var(--ast-global-color-5)","background-image":"","background-repeat":"repeat","background-position":"center center","background-size":"auto","background-attachment":"scroll","background-type":"","background-media":"","overlay-type":"","overlay-color":"","overlay-opacity":"","overlay-gradient":""},"mobile":{"background-color":"var(--ast-global-color-5)","background-image":"","background-repeat":"repeat","background-position":"center center","background-size":"auto","background-attachment":"scroll","background-type":"","background-media":"","overlay-type":"","overlay-color":"","overlay-opacity":"","overlay-gradient":""}},"footnotes":""},"class_list":["post-1781","page","type-page","status-publish","hentry"],"yoast_head":"<!-- This site is optimized with the Yoast SEO plugin v26.8 - https:\/\/yoast.com\/product\/yoast-seo-wordpress\/ -->\n<title>CONNECTED - Traceability For Textile Products - Peterson Technologies - Sustainability and Agritech Digital Solutions<\/title>\n<meta name=\"robots\" content=\"index, follow, max-snippet:-1, max-image-preview:large, max-video-preview:-1\" \/>\n<link rel=\"canonical\" href=\"https:\/\/petersontechnologies.com\/pt\/platforms\/connected\/\" \/>\n<meta property=\"og:locale\" content=\"pt_PT\" \/>\n<meta property=\"og:type\" content=\"article\" \/>\n<meta property=\"og:title\" content=\"CONNECTED - Traceability For Textile Products - Peterson Technologies - Sustainability and Agritech Digital Solutions\" \/>\n<meta property=\"og:description\" content=\"CONNECTED: more than just software By choosing CONNECTED, you&#8217;ll leverage a powerful platform designed by industry leaders to provide comprehensive supply chain visibility and sustainability management, tailored to your company\u2019s unique needs. Ready to see CONNECTED in action? Schedule a demo today\" \/>\n<meta property=\"og:url\" content=\"https:\/\/petersontechnologies.com\/pt\/platforms\/connected\/\" \/>\n<meta property=\"og:site_name\" content=\"Peterson Technologies - Sustainability and Agritech Digital Solutions\" \/>\n<meta property=\"article:modified_time\" content=\"2025-02-04T15:58:24+00:00\" \/>\n<meta property=\"og:image\" content=\"https:\/\/petersontechnologies.com\/wp-content\/uploads\/2024\/11\/CONNECTED_1.png\" \/>\n<meta name=\"twitter:card\" content=\"summary_large_image\" \/>\n<meta name=\"twitter:label1\" content=\"Tempo estimado de leitura\" \/>\n\t<meta name=\"twitter:data1\" content=\"4 minutos\" \/>\n<script type=\"application\/ld+json\" class=\"yoast-schema-graph\">{\"@context\":\"https:\/\/schema.org\",\"@graph\":[{\"@type\":\"WebPage\",\"@id\":\"https:\/\/petersontechnologies.com\/platforms\/connected\/\",\"url\":\"https:\/\/petersontechnologies.com\/platforms\/connected\/\",\"name\":\"CONNECTED - Traceability For Textile Products - Peterson Technologies - Sustainability and Agritech Digital Solutions\",\"isPartOf\":{\"@id\":\"https:\/\/petersontechnologies.com\/#website\"},\"primaryImageOfPage\":{\"@id\":\"https:\/\/petersontechnologies.com\/platforms\/connected\/#primaryimage\"},\"image\":{\"@id\":\"https:\/\/petersontechnologies.com\/platforms\/connected\/#primaryimage\"},\"thumbnailUrl\":\"https:\/\/petersontechnologies.com\/wp-content\/uploads\/2024\/11\/CONNECTED_1.png\",\"datePublished\":\"2024-11-12T21:26:30+00:00\",\"dateModified\":\"2025-02-04T15:58:24+00:00\",\"breadcrumb\":{\"@id\":\"https:\/\/petersontechnologies.com\/platforms\/connected\/#breadcrumb\"},\"inLanguage\":\"pt-PT\",\"potentialAction\":[{\"@type\":\"ReadAction\",\"target\":[\"https:\/\/petersontechnologies.com\/platforms\/connected\/\"]}]},{\"@type\":\"ImageObject\",\"inLanguage\":\"pt-PT\",\"@id\":\"https:\/\/petersontechnologies.com\/platforms\/connected\/#primaryimage\",\"url\":\"https:\/\/petersontechnologies.com\/wp-content\/uploads\/2024\/11\/CONNECTED_1.png\",\"contentUrl\":\"https:\/\/petersontechnologies.com\/wp-content\/uploads\/2024\/11\/CONNECTED_1.png\"},{\"@type\":\"BreadcrumbList\",\"@id\":\"https:\/\/petersontechnologies.com\/platforms\/connected\/#breadcrumb\",\"itemListElement\":[{\"@type\":\"ListItem\",\"position\":1,\"name\":\"Home\",\"item\":\"https:\/\/petersontechnologies.com\/\"},{\"@type\":\"ListItem\",\"position\":2,\"name\":\"Platforms &#8211; Innovative Solutions For a Greener Future\",\"item\":\"https:\/\/petersontechnologies.com\/es\/platforms\/\"},{\"@type\":\"ListItem\",\"position\":3,\"name\":\"CONNECTED &#8211; Traceability For Textile Products\"}]},{\"@type\":\"WebSite\",\"@id\":\"https:\/\/petersontechnologies.com\/#website\",\"url\":\"https:\/\/petersontechnologies.com\/\",\"name\":\"Peterson Technologies\",\"description\":\"\",\"publisher\":{\"@id\":\"https:\/\/petersontechnologies.com\/#organization\"},\"potentialAction\":[{\"@type\":\"SearchAction\",\"target\":{\"@type\":\"EntryPoint\",\"urlTemplate\":\"https:\/\/petersontechnologies.com\/?s={search_term_string}\"},\"query-input\":{\"@type\":\"PropertyValueSpecification\",\"valueRequired\":true,\"valueName\":\"search_term_string\"}}],\"inLanguage\":\"pt-PT\"},{\"@type\":\"Organization\",\"@id\":\"https:\/\/petersontechnologies.com\/#organization\",\"name\":\"Peterson Technologies\",\"url\":\"https:\/\/petersontechnologies.com\/\",\"logo\":{\"@type\":\"ImageObject\",\"inLanguage\":\"pt-PT\",\"@id\":\"https:\/\/petersontechnologies.com\/#\/schema\/logo\/image\/\",\"url\":\"https:\/\/petersontechnologies.com\/wp-content\/uploads\/2025\/01\/Peterson-Solutions-Logo_Full-Colour.png\",\"contentUrl\":\"https:\/\/petersontechnologies.com\/wp-content\/uploads\/2025\/01\/Peterson-Solutions-Logo_Full-Colour.png\",\"width\":1986,\"height\":240,\"caption\":\"Peterson Technologies\"},\"image\":{\"@id\":\"https:\/\/petersontechnologies.com\/#\/schema\/logo\/image\/\"}}]}<\/script>\n<!-- \/ Yoast SEO plugin. -->","yoast_head_json":{"title":"CONNECTED - Traceability For Textile Products - Peterson Technologies - Sustainability and Agritech Digital Solutions","robots":{"index":"index","follow":"follow","max-snippet":"max-snippet:-1","max-image-preview":"max-image-preview:large","max-video-preview":"max-video-preview:-1"},"canonical":"https:\/\/petersontechnologies.com\/pt\/platforms\/connected\/","og_locale":"pt_PT","og_type":"article","og_title":"CONNECTED - Traceability For Textile Products - Peterson Technologies - Sustainability and Agritech Digital Solutions","og_description":"CONNECTED: more than just software By choosing CONNECTED, you&#8217;ll leverage a powerful platform designed by industry leaders to provide comprehensive supply chain visibility and sustainability management, tailored to your company\u2019s unique needs. Ready to see CONNECTED in action? Schedule a demo today","og_url":"https:\/\/petersontechnologies.com\/pt\/platforms\/connected\/","og_site_name":"Peterson Technologies - Sustainability and Agritech Digital Solutions","article_modified_time":"2025-02-04T15:58:24+00:00","og_image":[{"url":"https:\/\/petersontechnologies.com\/wp-content\/uploads\/2024\/11\/CONNECTED_1.png","type":"","width":"","height":""}],"twitter_card":"summary_large_image","twitter_misc":{"Tempo estimado de leitura":"4 minutos"},"schema":{"@context":"https:\/\/schema.org","@graph":[{"@type":"WebPage","@id":"https:\/\/petersontechnologies.com\/platforms\/connected\/","url":"https:\/\/petersontechnologies.com\/platforms\/connected\/","name":"CONNECTED - Traceability For Textile Products - Peterson Technologies - Sustainability and Agritech Digital Solutions","isPartOf":{"@id":"https:\/\/petersontechnologies.com\/#website"},"primaryImageOfPage":{"@id":"https:\/\/petersontechnologies.com\/platforms\/connected\/#primaryimage"},"image":{"@id":"https:\/\/petersontechnologies.com\/platforms\/connected\/#primaryimage"},"thumbnailUrl":"https:\/\/petersontechnologies.com\/wp-content\/uploads\/2024\/11\/CONNECTED_1.png","datePublished":"2024-11-12T21:26:30+00:00","dateModified":"2025-02-04T15:58:24+00:00","breadcrumb":{"@id":"https:\/\/petersontechnologies.com\/platforms\/connected\/#breadcrumb"},"inLanguage":"pt-PT","potentialAction":[{"@type":"ReadAction","target":["https:\/\/petersontechnologies.com\/platforms\/connected\/"]}]},{"@type":"ImageObject","inLanguage":"pt-PT","@id":"https:\/\/petersontechnologies.com\/platforms\/connected\/#primaryimage","url":"https:\/\/petersontechnologies.com\/wp-content\/uploads\/2024\/11\/CONNECTED_1.png","contentUrl":"https:\/\/petersontechnologies.com\/wp-content\/uploads\/2024\/11\/CONNECTED_1.png"},{"@type":"BreadcrumbList","@id":"https:\/\/petersontechnologies.com\/platforms\/connected\/#breadcrumb","itemListElement":[{"@type":"ListItem","position":1,"name":"Home","item":"https:\/\/petersontechnologies.com\/"},{"@type":"ListItem","position":2,"name":"Platforms &#8211; Innovative Solutions For a Greener Future","item":"https:\/\/petersontechnologies.com\/es\/platforms\/"},{"@type":"ListItem","position":3,"name":"CONNECTED &#8211; Traceability For Textile Products"}]},{"@type":"WebSite","@id":"https:\/\/petersontechnologies.com\/#website","url":"https:\/\/petersontechnologies.com\/","name":"Peterson Technologies","description":"","publisher":{"@id":"https:\/\/petersontechnologies.com\/#organization"},"potentialAction":[{"@type":"SearchAction","target":{"@type":"EntryPoint","urlTemplate":"https:\/\/petersontechnologies.com\/?s={search_term_string}"},"query-input":{"@type":"PropertyValueSpecification","valueRequired":true,"valueName":"search_term_string"}}],"inLanguage":"pt-PT"},{"@type":"Organization","@id":"https:\/\/petersontechnologies.com\/#organization","name":"Peterson Technologies","url":"https:\/\/petersontechnologies.com\/","logo":{"@type":"ImageObject","inLanguage":"pt-PT","@id":"https:\/\/petersontechnologies.com\/#\/schema\/logo\/image\/","url":"https:\/\/petersontechnologies.com\/wp-content\/uploads\/2025\/01\/Peterson-Solutions-Logo_Full-Colour.png","contentUrl":"https:\/\/petersontechnologies.com\/wp-content\/uploads\/2025\/01\/Peterson-Solutions-Logo_Full-Colour.png","width":1986,"height":240,"caption":"Peterson Technologies"},"image":{"@id":"https:\/\/petersontechnologies.com\/#\/schema\/logo\/image\/"}}]}},"uagb_featured_image_src":{"full":false,"thumbnail":false,"medium":false,"medium_large":false,"large":false,"1536x1536":false,"2048x2048":false,"trp-custom-language-flag":false,"gform-image-choice-sm":false,"gform-image-choice-md":false,"gform-image-choice-lg":false},"uagb_author_info":{"display_name":"peterson","author_link":"https:\/\/petersontechnologies.com\/pt\/author\/peterson\/"},"uagb_comment_info":0,"uagb_excerpt":"CONNECTED: more than just software By choosing CONNECTED, you&#8217;ll leverage a powerful platform designed by industry leaders to provide comprehensive supply chain visibility and sustainability management, tailored to your company\u2019s unique needs. Ready to see CONNECTED in action? Schedule a demo today","_links":{"self":[{"href":"https:\/\/petersontechnologies.com\/pt\/wp-json\/wp\/v2\/pages\/1781","targetHints":{"allow":["GET"]}}],"collection":[{"href":"https:\/\/petersontechnologies.com\/pt\/wp-json\/wp\/v2\/pages"}],"about":[{"href":"https:\/\/petersontechnologies.com\/pt\/wp-json\/wp\/v2\/types\/page"}],"author":[{"embeddable":true,"href":"https:\/\/petersontechnologies.com\/pt\/wp-json\/wp\/v2\/users\/2"}],"replies":[{"embeddable":true,"href":"https:\/\/petersontechnologies.com\/pt\/wp-json\/wp\/v2\/comments?post=1781"}],"version-history":[{"count":7,"href":"https:\/\/petersontechnologies.com\/pt\/wp-json\/wp\/v2\/pages\/1781\/revisions"}],"predecessor-version":[{"id":2000,"href":"https:\/\/petersontechnologies.com\/pt\/wp-json\/wp\/v2\/pages\/1781\/revisions\/2000"}],"up":[{"embeddable":true,"href":"https:\/\/petersontechnologies.com\/pt\/wp-json\/wp\/v2\/pages\/1960"}],"wp:attachment":[{"href":"https:\/\/petersontechnologies.com\/pt\/wp-json\/wp\/v2\/media?parent=1781"}],"curies":[{"name":"wp","href":"https:\/\/api.w.org\/{rel}","templated":true}]}}