{"id":2228,"date":"2025-05-19T13:56:54","date_gmt":"2025-05-19T13:56:54","guid":{"rendered":"https:\/\/petersontechnologies.com\/?page_id=2228"},"modified":"2025-06-06T16:08:24","modified_gmt":"2025-06-06T16:08:24","slug":"lims","status":"publish","type":"page","link":"https:\/\/petersontechnologies.com\/es\/services\/lims\/","title":{"rendered":"LIMS \u2013 Smarter Lab Operations"},"content":{"rendered":"<div id=\"intro\" class=\"wp-block-uagb-container uagb-block-4741146c alignfull uagb-is-root-container\"><div class=\"uagb-container-inner-blocks-wrap\">\n<div class=\"wp-block-uagb-container uagb-block-22006212\">\n<div data-aos= \"fade-down\" data-aos-duration=\"400\" data-aos-delay=\"0\" data-aos-easing=\"ease\" data-aos-once=\"true\" class=\"wp-block-uagb-info-box uagb-block-4a341757 uagb-infobox__content-wrap  uagb-infobox-icon-above-title uagb-infobox-image-valign-top hero-text platform-h1 m-auto\"><div class=\"uagb-ifb-content\"><div class=\"uagb-ifb-title-wrap\"><h1 class=\"uagb-ifb-title-prefix\">Smarter Lab Operations with Peterson LIMS\u202f\u00a0<\/h1><div class=\"uagb-ifb-separator\"><\/div><\/div><\/div><\/div>\n<\/div>\n<\/div><\/div>\n\n\n\n<div data-aos= \"fade-down\" data-aos-duration=\"400\" data-aos-delay=\"0\" data-aos-easing=\"ease\" data-aos-once=\"true\" class=\"wp-block-uagb-container uagb-block-6d979120 alignfull uagb-is-root-container\"><div class=\"uagb-container-inner-blocks-wrap\">\n<figure class=\"wp-block-image size-full platform-hero-img\"><img loading=\"lazy\" decoding=\"async\" width=\"941\" height=\"547\" src=\"https:\/\/petersontechnologies.com\/wp-content\/uploads\/2025\/05\/main-lanscape-vietnam-case-2.png\" alt=\"Plataforma digital de an\u00e1lisis de datos de empresas vietnamitas, con elementos visuales de laboratorio y profesional observando en microscopio.\" class=\"wp-image-2324\"\/><\/figure>\n<\/div><\/div>\n\n\n\n<div id=\"about\" class=\"wp-block-uagb-container uagb-block-022e4851 alignfull uagb-is-root-container\"><div class=\"uagb-container-inner-blocks-wrap\">\n<div class=\"wp-block-uagb-container uagb-block-e9f98931\">\n<div data-aos= \"fade-right\" data-aos-duration=\"400\" data-aos-delay=\"0\" data-aos-easing=\"ease\" data-aos-once=\"true\" class=\"wp-block-uagb-image alignleft uagb-block-6fe9a579 wp-block-uagb-image--layout-default wp-block-uagb-image--effect-static wp-block-uagb-image--align-left\"><figure class=\"wp-block-uagb-image__figure\"><img decoding=\"async\" srcset=\"https:\/\/petersontechnologies.com\/wp-content\/uploads\/2025\/05\/portrait-2-vietnam-case-1.png ,https:\/\/petersontechnologies.com\/wp-content\/uploads\/2025\/05\/portrait-2-vietnam-case-1.png 780w, https:\/\/petersontechnologies.com\/wp-content\/uploads\/2025\/05\/portrait-2-vietnam-case-1.png 360w\" sizes=\"auto, (max-width: 480px) 150px\" src=\"https:\/\/petersontechnologies.com\/wp-content\/uploads\/2025\/05\/portrait-2-vietnam-case-1.png\" alt=\"Persona utilizando una laptop para trabajar en una plataforma digital de gesti\u00f3n de datos\" class=\"uag-image-2323\" width=\"480\" height=\"576\" title=\"retrato-2-vietnam-caso\" loading=\"lazy\" role=\"img\"\/><\/figure><\/div>\n\n\n\n<div data-aos= \"fade-right\" data-aos-duration=\"400\" data-aos-delay=\"0\" data-aos-easing=\"ease\" data-aos-once=\"true\" class=\"wp-block-uagb-image alignright uagb-block-dec73cc5 wp-block-uagb-image--layout-default wp-block-uagb-image--effect-static wp-block-uagb-image--align-right\"><figure class=\"wp-block-uagb-image__figure\"><img decoding=\"async\" srcset=\"https:\/\/petersontechnologies.com\/wp-content\/uploads\/2025\/05\/portrait-vietnam-case.png ,https:\/\/petersontechnologies.com\/wp-content\/uploads\/2025\/05\/portrait-vietnam-case.png 780w, https:\/\/petersontechnologies.com\/wp-content\/uploads\/2025\/05\/portrait-vietnam-case.png 360w\" sizes=\"auto, (max-width: 480px) 150px\" src=\"https:\/\/petersontechnologies.com\/wp-content\/uploads\/2025\/05\/portrait-vietnam-case.png\" alt=\"T\u00e9cnico de laboratorio sosteniendo una placa de Petri con cultivo bacteriano, usando guantes de nitrilo\" class=\"uag-image-2234\" width=\"245\" height=\"367\" title=\"retrato-vietnam-caso\" loading=\"lazy\" role=\"img\"\/><\/figure><\/div>\n<\/div>\n\n\n\n<div class=\"wp-block-uagb-container uagb-block-fa6dac93\">\n<div data-aos= \"fade-left\" data-aos-duration=\"400\" data-aos-delay=\"0\" data-aos-easing=\"ease\" data-aos-once=\"true\" class=\"wp-block-uagb-info-box uagb-block-0802725e uagb-infobox__content-wrap  uagb-infobox-icon-above-title uagb-infobox-image-valign-top intro-text\"><div class=\"uagb-ifb-content\"><div class=\"uagb-ifb-title-wrap\"><h2 class=\"uagb-ifb-title\"><strong>Transforme el funcionamiento de su laboratorio<\/strong>&nbsp;<\/h2><\/div><div class=\"uagb-ifb-separator\"><\/div><p class=\"uagb-ifb-desc\">Peterson LIMS es un sistema de gesti\u00f3n de informaci\u00f3n de laboratorio dise\u00f1ado para agilizar y estandarizar los flujos de trabajo del laboratorio, garantizar el cumplimiento de la norma ISO 17025 y adaptarse a sus operaciones.&nbsp;<br><br>Desarrollado por Peterson Solutions e implantado en m\u00faltiples laboratorios de todo el mundo, Peterson LIMS ayuda a los laboratorios a conseguir una mayor precisi\u00f3n, trazabilidad y eficiencia operativa, tanto si se trata de unas pocas docenas de muestras como de miles.&nbsp;<\/p><\/div><\/div>\n<\/div>\n<\/div><\/div>\n\n\n\n<div id=\"solutions\" class=\"wp-block-uagb-container services uagb-block-bab325b7 alignfull uagb-is-root-container\"><div class=\"uagb-container-inner-blocks-wrap\">\n<div data-aos= \"fade-down\" data-aos-duration=\"400\" data-aos-delay=\"0\" data-aos-easing=\"ease\" data-aos-once=\"true\" class=\"wp-block-uagb-advanced-heading uagb-block-e2344a42\"><h2 class=\"uagb-heading-text\"><strong>Caracter\u00edsticas principales de Peterson LIMS<\/strong>&nbsp;<\/h2><div class=\"uagb-separator\"><\/div><\/div>\n\n\n\n<div class=\"wp-block-uagb-container uagb-block-576a2787\">\n<div data-aos= \"fade-down\" data-aos-duration=\"400\" data-aos-delay=\"0\" data-aos-easing=\"ease\" data-aos-once=\"true\" class=\"wp-block-uagb-container uagb-block-84d1f0cd\">\n<div class=\"wp-block-uagb-info-box uagb-block-5d115bbb uagb-infobox__content-wrap  uagb-infobox-icon-above-title uagb-infobox-image-valign-top\"><div class=\"uagb-ifb-content\"><div class=\"uagb-ifb-image-content\"><img decoding=\"async\" src=\"https:\/\/petersontechnologies.com\/wp-content\/uploads\/2025\/02\/checkbox.png\" alt=\"\" width=\"14\" height=\"14\" loading=\"lazy\"\/><\/div><div class=\"uagb-ifb-title-wrap\"><h3 class=\"uagb-ifb-title\"><strong>Cumplimiento de la norma ISO\/IEC 17025<\/strong><em>&nbsp;<\/em><\/h3><\/div><p class=\"uagb-ifb-desc\">Garantice la conformidad de todos los procesos con las normas internacionales mediante la trazabilidad automatizada, los registros de auditor\u00eda y la documentaci\u00f3n de control de calidad.&nbsp;<\/p><\/div><\/div>\n<\/div>\n\n\n\n<div data-aos= \"fade-down\" data-aos-duration=\"400\" data-aos-delay=\"0\" data-aos-easing=\"ease\" data-aos-once=\"true\" class=\"wp-block-uagb-container uagb-block-09c4f0c2\">\n<div class=\"wp-block-uagb-info-box uagb-block-99a024d1 uagb-infobox__content-wrap  uagb-infobox-icon-above-title uagb-infobox-image-valign-top\"><div class=\"uagb-ifb-content\"><div class=\"uagb-ifb-image-content\"><img decoding=\"async\" src=\"https:\/\/petersontechnologies.com\/wp-content\/uploads\/2024\/10\/robot.png\" alt=\"\" width=\"14\" height=\"14\" loading=\"lazy\"\/><\/div><div class=\"uagb-ifb-title-wrap\"><h3 class=\"uagb-ifb-title\"><strong>Automatizaci\u00f3n integral del flujo de trabajo<\/strong><em>&nbsp;<\/em><\/h3><\/div><p class=\"uagb-ifb-desc\">Desde el registro de muestras hasta la generaci\u00f3n del informe final, Peterson LIMS digitaliza sus procesos de principio a fin para minimizar los errores manuales y mejorar el tiempo de respuesta.&nbsp;<\/p><\/div><\/div>\n<\/div>\n\n\n\n<div data-aos= \"fade-down\" data-aos-duration=\"400\" data-aos-delay=\"0\" data-aos-easing=\"ease\" data-aos-once=\"true\" class=\"wp-block-uagb-container uagb-block-0d266493\">\n<div class=\"wp-block-uagb-info-box uagb-block-ecf2295d uagb-infobox__content-wrap  uagb-infobox-icon-above-title uagb-infobox-image-valign-top\"><div class=\"uagb-ifb-content\"><div class=\"uagb-ifb-image-content\"><img decoding=\"async\" src=\"https:\/\/petersontechnologies.com\/wp-content\/uploads\/2024\/10\/tool.png\" alt=\"\" width=\"14\" height=\"14\" loading=\"lazy\"\/><\/div><div class=\"uagb-ifb-title-wrap\"><h3 class=\"uagb-ifb-title\"><strong>Altamente flexible y configurable, se adapta a varios tipos de laboratorio-empresa<\/strong><em>&nbsp;<\/em><\/h3><\/div><p class=\"uagb-ifb-desc\">Dise\u00f1ado con una arquitectura modular y una configuraci\u00f3n din\u00e1mica del flujo de trabajo, permite a los laboratorios de distintos sectores y disciplinas adaptar los procesos, los par\u00e1metros de las pruebas y los formatos de los informes sin necesidad de realizar cambios a nivel de c\u00f3digo.&nbsp;<\/p><\/div><\/div>\n<\/div>\n\n\n\n<div data-aos= \"fade-down\" data-aos-duration=\"400\" data-aos-delay=\"0\" data-aos-easing=\"ease\" data-aos-once=\"true\" class=\"wp-block-uagb-container uagb-block-c7f61b08\">\n<div class=\"wp-block-uagb-info-box uagb-block-bc256537 uagb-infobox__content-wrap  uagb-infobox-icon-above-title uagb-infobox-image-valign-top\"><div class=\"uagb-ifb-content\"><div class=\"uagb-ifb-image-content\"><img decoding=\"async\" src=\"https:\/\/petersontechnologies.com\/wp-content\/uploads\/2024\/10\/view-360.png\" alt=\"\" width=\"14\" height=\"14\" loading=\"lazy\"\/><\/div><div class=\"uagb-ifb-title-wrap\"><h3 class=\"uagb-ifb-title\"><strong>\u00c1mbito de pruebas m\u00faltiple, multisitio, compatibilidad multiling\u00fce<\/strong><em>&nbsp;<\/em><\/h3><\/div><p class=\"uagb-ifb-desc\">Escala sin problemas a trav\u00e9s de ubicaciones de laboratorio con despliegue flexible, expansi\u00f3n de laboratorio, configuraci\u00f3n de roles de usuario y localizaci\u00f3n de idiomas.<em>&nbsp;<\/em><\/p><\/div><\/div>\n<\/div>\n\n\n\n<div data-aos= \"fade-down\" data-aos-duration=\"400\" data-aos-delay=\"0\" data-aos-easing=\"ease\" data-aos-once=\"true\" class=\"wp-block-uagb-container uagb-block-9d41abc7\">\n<div class=\"wp-block-uagb-info-box uagb-block-fb85efd1 uagb-infobox__content-wrap  uagb-infobox-icon-above-title uagb-infobox-image-valign-top\"><div class=\"uagb-ifb-content\"><div class=\"uagb-ifb-image-content\"><img decoding=\"async\" src=\"https:\/\/petersontechnologies.com\/wp-content\/uploads\/2024\/09\/cloud.png\" alt=\"\" width=\"14\" height=\"14\" loading=\"lazy\"\/><\/div><div class=\"uagb-ifb-title-wrap\"><h3 class=\"uagb-ifb-title\"><strong>Implantaci\u00f3n flexible: SaaS o en la nube<em>\u202f<\/em>&nbsp;<\/strong>&nbsp;<\/h3><\/div><p class=\"uagb-ifb-desc\">LIMS puede desplegarse como <strong>SaaS <\/strong>(<strong>Software como servicio<\/strong>) o en una <strong>infraestructura de nube dedicada<\/strong>que permite a las empresas escalar eficientemente al tiempo que garantiza una accesibilidad, seguridad y rendimiento sin fisuras.<em>&nbsp;<\/em><\/p><\/div><\/div>\n<\/div>\n\n\n\n<div data-aos= \"fade-down\" data-aos-duration=\"400\" data-aos-delay=\"0\" data-aos-easing=\"ease\" data-aos-once=\"true\" class=\"wp-block-uagb-container uagb-block-ad187e32\">\n<div class=\"wp-block-uagb-info-box uagb-block-e7fede38 uagb-infobox__content-wrap  uagb-infobox-icon-above-title uagb-infobox-image-valign-top\"><div class=\"uagb-ifb-content\"><div class=\"uagb-ifb-image-content\"><img decoding=\"async\" src=\"https:\/\/petersontechnologies.com\/wp-content\/uploads\/2024\/09\/layer.png\" alt=\"\" width=\"14\" height=\"14\" loading=\"lazy\"\/><\/div><div class=\"uagb-ifb-title-wrap\"><h3 class=\"uagb-ifb-title\"><strong>Integraci\u00f3n - Amigable<\/strong><em>&nbsp;<\/em><\/h3><\/div><p class=\"uagb-ifb-desc\">Se integra f\u00e1cilmente con sistemas ERP y herramientas externas de generaci\u00f3n de informes a trav\u00e9s de una API segura.&nbsp;<\/p><\/div><\/div>\n<\/div>\n<\/div>\n<\/div><\/div>\n\n\n\n<div class=\"wp-block-uagb-container uagb-layout-flex uagb-block-c854d785 alignfull uagb-is-root-container\"><div class=\"uagb-container-inner-blocks-wrap\">\n<div data-aos= \"fade-down\" data-aos-duration=\"400\" data-aos-delay=\"0\" data-aos-easing=\"ease\" data-aos-once=\"true\" class=\"wp-block-uagb-container uagb-layout-grid uagb-block-5cfdcac9\">\n<div class=\"wp-block-uagb-advanced-heading uagb-block-d7bcb7ed\"><h3 class=\"uagb-heading-text\">Construyamos su pr\u00f3ximo gran \u00e9xito: \u00a1concierte una demostraci\u00f3n hoy mismo!<\/h3><\/div>\n\n\n\n<div class=\"wp-block-uagb-buttons uagb-buttons__outer-wrap uagb-btn__default-btn uagb-btn-tablet__default-btn uagb-btn-mobile__default-btn uagb-block-ba2e0745\"><div class=\"uagb-buttons__wrap uagb-buttons-layout-wrap\">\n<div class=\"wp-block-uagb-buttons-child uagb-buttons__outer-wrap uagb-block-46846e5e wp-block-button\"><div class=\"uagb-button__wrapper\"><a class=\"uagb-buttons-repeater wp-block-button__link\" aria-label=\"\" href=\"https:\/\/petersontechnologies.com\/es\/contact\/\" rel=\"follow noopener\" target=\"_blank\" role=\"button\"><div class=\"uagb-button__link\">Contactar a un experto<\/div><\/a><\/div><\/div>\n<\/div><\/div>\n<\/div>\n<\/div><\/div>\n\n\n\n<p><\/p>","protected":false},"excerpt":{"rendered":"<p>Key Features of Peterson LIMS&nbsp; Let\u2019s build your next big success\u2014schedule a Demo today!<\/p>","protected":false},"author":3,"featured_media":0,"parent":1358,"menu_order":0,"comment_status":"closed","ping_status":"closed","template":"","meta":{"content-type":"","_uag_custom_page_level_css":".mockup-img img {\n\toverflow: visible!important;\n\tmargin-left: 160px;\n}\n\n.img-mockup-mb {\n\tpadding-left: 60px;\n}\n\n.paio-section {\n\tmax-height: 340px;\n}\n\n@media (min-width:1000px) {\n\t.hero-text h4 {\n\tmax-width: 500px;\n\t}\n\t\n\t.intro-text h2 {\n\t\tmax-width: 400px;\n\t}\n}\n\n@media (max-width:800px) {\n\t.uagb-ifb-image-content img {\n\t\twidth: 35px!important;\n\t\tmargin-top: 16px;\n\t}\n}","site-sidebar-layout":"no-sidebar","site-content-layout":"plain-container","ast-site-content-layout":"full-width-container","site-content-style":"unboxed","site-sidebar-style":"unboxed","ast-global-header-display":"","ast-banner-title-visibility":"","ast-main-header-display":"","ast-hfb-above-header-display":"","ast-hfb-below-header-display":"","ast-hfb-mobile-header-display":"","site-post-title":"disabled","ast-breadcrumbs-content":"","ast-featured-img":"disabled","footer-sml-layout":"","theme-transparent-header-meta":"default","adv-header-id-meta":"","stick-header-meta":"","header-above-stick-meta":"","header-main-stick-meta":"","header-below-stick-meta":"","astra-migrate-meta-layouts":"set","ast-page-background-enabled":"default","ast-page-background-meta":{"desktop":{"background-color":"","background-image":"","background-repeat":"repeat","background-position":"center center","background-size":"auto","background-attachment":"scroll","background-type":"","background-media":"","overlay-type":"","overlay-color":"","overlay-opacity":"","overlay-gradient":""},"tablet":{"background-color":"","background-image":"","background-repeat":"repeat","background-position":"center center","background-size":"auto","background-attachment":"scroll","background-type":"","background-media":"","overlay-type":"","overlay-color":"","overlay-opacity":"","overlay-gradient":""},"mobile":{"background-color":"","background-image":"","background-repeat":"repeat","background-position":"center center","background-size":"auto","background-attachment":"scroll","background-type":"","background-media":"","overlay-type":"","overlay-color":"","overlay-opacity":"","overlay-gradient":""}},"ast-content-background-meta":{"desktop":{"background-color":"var(--ast-global-color-5)","background-image":"","background-repeat":"repeat","background-position":"center center","background-size":"auto","background-attachment":"scroll","background-type":"","background-media":"","overlay-type":"","overlay-color":"","overlay-opacity":"","overlay-gradient":""},"tablet":{"background-color":"var(--ast-global-color-5)","background-image":"","background-repeat":"repeat","background-position":"center center","background-size":"auto","background-attachment":"scroll","background-type":"","background-media":"","overlay-type":"","overlay-color":"","overlay-opacity":"","overlay-gradient":""},"mobile":{"background-color":"var(--ast-global-color-5)","background-image":"","background-repeat":"repeat","background-position":"center center","background-size":"auto","background-attachment":"scroll","background-type":"","background-media":"","overlay-type":"","overlay-color":"","overlay-opacity":"","overlay-gradient":""}},"footnotes":""},"class_list":["post-2228","page","type-page","status-publish","hentry"],"yoast_head":"<!-- This site is optimized with the Yoast SEO plugin v26.8 - https:\/\/yoast.com\/product\/yoast-seo-wordpress\/ -->\n<title>Peterson LIMS \u2013 ISO 17025 Lab Management Software<\/title>\n<meta name=\"description\" content=\"A laboratory information management system designed for ISO 17025 compliance, automated workflows, and scalable lab operations.\" \/>\n<meta name=\"robots\" content=\"index, follow, max-snippet:-1, max-image-preview:large, max-video-preview:-1\" \/>\n<link rel=\"canonical\" href=\"https:\/\/petersontechnologies.com\/es\/services\/lims\/\" \/>\n<meta property=\"og:locale\" content=\"es_ES\" \/>\n<meta property=\"og:type\" content=\"article\" \/>\n<meta property=\"og:title\" content=\"Peterson LIMS \u2013 ISO 17025 Lab Management Software\" \/>\n<meta property=\"og:description\" content=\"A laboratory information management system designed for ISO 17025 compliance, automated workflows, and scalable lab operations.\" \/>\n<meta property=\"og:url\" content=\"https:\/\/petersontechnologies.com\/es\/services\/lims\/\" \/>\n<meta property=\"og:site_name\" content=\"Peterson Technologies - Sustainability and Agritech Digital Solutions\" \/>\n<meta property=\"article:modified_time\" content=\"2025-06-06T16:08:24+00:00\" \/>\n<meta property=\"og:image\" content=\"https:\/\/petersontechnologies.com\/wp-content\/uploads\/2025\/05\/main-lanscape-vietnam-case-2.png\" \/>\n<meta name=\"twitter:card\" content=\"summary_large_image\" \/>\n<meta name=\"twitter:label1\" content=\"Tiempo de lectura\" \/>\n\t<meta name=\"twitter:data1\" content=\"3 minutos\" \/>\n<script type=\"application\/ld+json\" class=\"yoast-schema-graph\">{\"@context\":\"https:\/\/schema.org\",\"@graph\":[{\"@type\":\"WebPage\",\"@id\":\"https:\/\/petersontechnologies.com\/es\/services\/lims\/\",\"url\":\"https:\/\/petersontechnologies.com\/es\/services\/lims\/\",\"name\":\"Peterson LIMS \u2013 ISO 17025 Lab Management Software\",\"isPartOf\":{\"@id\":\"https:\/\/petersontechnologies.com\/#website\"},\"primaryImageOfPage\":{\"@id\":\"https:\/\/petersontechnologies.com\/es\/services\/lims\/#primaryimage\"},\"image\":{\"@id\":\"https:\/\/petersontechnologies.com\/es\/services\/lims\/#primaryimage\"},\"thumbnailUrl\":\"https:\/\/petersontechnologies.com\/wp-content\/uploads\/2025\/05\/main-lanscape-vietnam-case-2.png\",\"datePublished\":\"2025-05-19T13:56:54+00:00\",\"dateModified\":\"2025-06-06T16:08:24+00:00\",\"description\":\"A laboratory information management system designed for ISO 17025 compliance, automated workflows, and scalable lab operations.\",\"breadcrumb\":{\"@id\":\"https:\/\/petersontechnologies.com\/es\/services\/lims\/#breadcrumb\"},\"inLanguage\":\"es\",\"potentialAction\":[{\"@type\":\"ReadAction\",\"target\":[\"https:\/\/petersontechnologies.com\/es\/services\/lims\/\"]}]},{\"@type\":\"ImageObject\",\"inLanguage\":\"es\",\"@id\":\"https:\/\/petersontechnologies.com\/es\/services\/lims\/#primaryimage\",\"url\":\"https:\/\/petersontechnologies.com\/wp-content\/uploads\/2025\/05\/main-lanscape-vietnam-case-2.png\",\"contentUrl\":\"https:\/\/petersontechnologies.com\/wp-content\/uploads\/2025\/05\/main-lanscape-vietnam-case-2.png\"},{\"@type\":\"BreadcrumbList\",\"@id\":\"https:\/\/petersontechnologies.com\/es\/services\/lims\/#breadcrumb\",\"itemListElement\":[{\"@type\":\"ListItem\",\"position\":1,\"name\":\"Home\",\"item\":\"https:\/\/petersontechnologies.com\/\"},{\"@type\":\"ListItem\",\"position\":2,\"name\":\"Services\",\"item\":\"https:\/\/petersontechnologies.com\/es\/services\/\"},{\"@type\":\"ListItem\",\"position\":3,\"name\":\"LIMS \u2013 Smarter Lab Operations\"}]},{\"@type\":\"WebSite\",\"@id\":\"https:\/\/petersontechnologies.com\/#website\",\"url\":\"https:\/\/petersontechnologies.com\/\",\"name\":\"Peterson Technologies\",\"description\":\"\",\"publisher\":{\"@id\":\"https:\/\/petersontechnologies.com\/#organization\"},\"potentialAction\":[{\"@type\":\"SearchAction\",\"target\":{\"@type\":\"EntryPoint\",\"urlTemplate\":\"https:\/\/petersontechnologies.com\/?s={search_term_string}\"},\"query-input\":{\"@type\":\"PropertyValueSpecification\",\"valueRequired\":true,\"valueName\":\"search_term_string\"}}],\"inLanguage\":\"es\"},{\"@type\":\"Organization\",\"@id\":\"https:\/\/petersontechnologies.com\/#organization\",\"name\":\"Peterson Technologies\",\"url\":\"https:\/\/petersontechnologies.com\/\",\"logo\":{\"@type\":\"ImageObject\",\"inLanguage\":\"es\",\"@id\":\"https:\/\/petersontechnologies.com\/#\/schema\/logo\/image\/\",\"url\":\"https:\/\/petersontechnologies.com\/wp-content\/uploads\/2025\/01\/Peterson-Solutions-Logo_Full-Colour.png\",\"contentUrl\":\"https:\/\/petersontechnologies.com\/wp-content\/uploads\/2025\/01\/Peterson-Solutions-Logo_Full-Colour.png\",\"width\":1986,\"height\":240,\"caption\":\"Peterson Technologies\"},\"image\":{\"@id\":\"https:\/\/petersontechnologies.com\/#\/schema\/logo\/image\/\"}}]}<\/script>\n<!-- \/ Yoast SEO plugin. -->","yoast_head_json":{"title":"Peterson LIMS \u2013 ISO 17025 Lab Management Software","description":"A laboratory information management system designed for ISO 17025 compliance, automated workflows, and scalable lab operations.","robots":{"index":"index","follow":"follow","max-snippet":"max-snippet:-1","max-image-preview":"max-image-preview:large","max-video-preview":"max-video-preview:-1"},"canonical":"https:\/\/petersontechnologies.com\/es\/services\/lims\/","og_locale":"es_ES","og_type":"article","og_title":"Peterson LIMS \u2013 ISO 17025 Lab Management Software","og_description":"A laboratory information management system designed for ISO 17025 compliance, automated workflows, and scalable lab operations.","og_url":"https:\/\/petersontechnologies.com\/es\/services\/lims\/","og_site_name":"Peterson Technologies - Sustainability and Agritech Digital Solutions","article_modified_time":"2025-06-06T16:08:24+00:00","og_image":[{"url":"https:\/\/petersontechnologies.com\/wp-content\/uploads\/2025\/05\/main-lanscape-vietnam-case-2.png","type":"","width":"","height":""}],"twitter_card":"summary_large_image","twitter_misc":{"Tiempo de lectura":"3 minutos"},"schema":{"@context":"https:\/\/schema.org","@graph":[{"@type":"WebPage","@id":"https:\/\/petersontechnologies.com\/es\/services\/lims\/","url":"https:\/\/petersontechnologies.com\/es\/services\/lims\/","name":"Peterson LIMS \u2013 ISO 17025 Lab Management Software","isPartOf":{"@id":"https:\/\/petersontechnologies.com\/#website"},"primaryImageOfPage":{"@id":"https:\/\/petersontechnologies.com\/es\/services\/lims\/#primaryimage"},"image":{"@id":"https:\/\/petersontechnologies.com\/es\/services\/lims\/#primaryimage"},"thumbnailUrl":"https:\/\/petersontechnologies.com\/wp-content\/uploads\/2025\/05\/main-lanscape-vietnam-case-2.png","datePublished":"2025-05-19T13:56:54+00:00","dateModified":"2025-06-06T16:08:24+00:00","description":"A laboratory information management system designed for ISO 17025 compliance, automated workflows, and scalable lab operations.","breadcrumb":{"@id":"https:\/\/petersontechnologies.com\/es\/services\/lims\/#breadcrumb"},"inLanguage":"es","potentialAction":[{"@type":"ReadAction","target":["https:\/\/petersontechnologies.com\/es\/services\/lims\/"]}]},{"@type":"ImageObject","inLanguage":"es","@id":"https:\/\/petersontechnologies.com\/es\/services\/lims\/#primaryimage","url":"https:\/\/petersontechnologies.com\/wp-content\/uploads\/2025\/05\/main-lanscape-vietnam-case-2.png","contentUrl":"https:\/\/petersontechnologies.com\/wp-content\/uploads\/2025\/05\/main-lanscape-vietnam-case-2.png"},{"@type":"BreadcrumbList","@id":"https:\/\/petersontechnologies.com\/es\/services\/lims\/#breadcrumb","itemListElement":[{"@type":"ListItem","position":1,"name":"Home","item":"https:\/\/petersontechnologies.com\/"},{"@type":"ListItem","position":2,"name":"Services","item":"https:\/\/petersontechnologies.com\/es\/services\/"},{"@type":"ListItem","position":3,"name":"LIMS \u2013 Smarter Lab Operations"}]},{"@type":"WebSite","@id":"https:\/\/petersontechnologies.com\/#website","url":"https:\/\/petersontechnologies.com\/","name":"Peterson Technologies","description":"","publisher":{"@id":"https:\/\/petersontechnologies.com\/#organization"},"potentialAction":[{"@type":"SearchAction","target":{"@type":"EntryPoint","urlTemplate":"https:\/\/petersontechnologies.com\/?s={search_term_string}"},"query-input":{"@type":"PropertyValueSpecification","valueRequired":true,"valueName":"search_term_string"}}],"inLanguage":"es"},{"@type":"Organization","@id":"https:\/\/petersontechnologies.com\/#organization","name":"Peterson Technologies","url":"https:\/\/petersontechnologies.com\/","logo":{"@type":"ImageObject","inLanguage":"es","@id":"https:\/\/petersontechnologies.com\/#\/schema\/logo\/image\/","url":"https:\/\/petersontechnologies.com\/wp-content\/uploads\/2025\/01\/Peterson-Solutions-Logo_Full-Colour.png","contentUrl":"https:\/\/petersontechnologies.com\/wp-content\/uploads\/2025\/01\/Peterson-Solutions-Logo_Full-Colour.png","width":1986,"height":240,"caption":"Peterson Technologies"},"image":{"@id":"https:\/\/petersontechnologies.com\/#\/schema\/logo\/image\/"}}]}},"uagb_featured_image_src":{"full":false,"thumbnail":false,"medium":false,"medium_large":false,"large":false,"1536x1536":false,"2048x2048":false,"trp-custom-language-flag":false,"gform-image-choice-sm":false,"gform-image-choice-md":false,"gform-image-choice-lg":false},"uagb_author_info":{"display_name":"Alejandro Sanguinetti","author_link":"https:\/\/petersontechnologies.com\/es\/author\/mkt\/"},"uagb_comment_info":0,"uagb_excerpt":"Key Features of Peterson LIMS&nbsp; Let\u2019s build your next big success\u2014schedule a Demo today!","_links":{"self":[{"href":"https:\/\/petersontechnologies.com\/es\/wp-json\/wp\/v2\/pages\/2228","targetHints":{"allow":["GET"]}}],"collection":[{"href":"https:\/\/petersontechnologies.com\/es\/wp-json\/wp\/v2\/pages"}],"about":[{"href":"https:\/\/petersontechnologies.com\/es\/wp-json\/wp\/v2\/types\/page"}],"author":[{"embeddable":true,"href":"https:\/\/petersontechnologies.com\/es\/wp-json\/wp\/v2\/users\/3"}],"replies":[{"embeddable":true,"href":"https:\/\/petersontechnologies.com\/es\/wp-json\/wp\/v2\/comments?post=2228"}],"version-history":[{"count":17,"href":"https:\/\/petersontechnologies.com\/es\/wp-json\/wp\/v2\/pages\/2228\/revisions"}],"predecessor-version":[{"id":2337,"href":"https:\/\/petersontechnologies.com\/es\/wp-json\/wp\/v2\/pages\/2228\/revisions\/2337"}],"up":[{"embeddable":true,"href":"https:\/\/petersontechnologies.com\/es\/wp-json\/wp\/v2\/pages\/1358"}],"wp:attachment":[{"href":"https:\/\/petersontechnologies.com\/es\/wp-json\/wp\/v2\/media?parent=2228"}],"curies":[{"name":"wp","href":"https:\/\/api.w.org\/{rel}","templated":true}]}}