{"id":1960,"date":"2025-02-04T14:53:43","date_gmt":"2025-02-04T14:53:43","guid":{"rendered":"https:\/\/petersontechnologies.com\/?page_id=1960"},"modified":"2025-02-06T17:25:08","modified_gmt":"2025-02-06T17:25:08","slug":"platforms","status":"publish","type":"page","link":"https:\/\/petersontechnologies.com\/es\/platforms\/","title":{"rendered":"Platforms &#8211; Innovative Solutions For a Greener Future"},"content":{"rendered":"<div class=\"wp-block-uagb-container team uagb-block-3a22cff4 alignfull uagb-is-root-container\"><div class=\"uagb-container-inner-blocks-wrap\">\n<div data-aos= \"fade-down\" data-aos-duration=\"400\" data-aos-delay=\"0\" data-aos-easing=\"ease\" data-aos-once=\"true\" class=\"wp-block-uagb-advanced-heading uagb-block-e2344a42\"><h2 class=\"uagb-heading-text\">Nuestras plataformas<\/h2><div class=\"uagb-separator\"><\/div><p class=\"uagb-desc-text\">Al identificar los retos comunes a todos los sectores, creamos plataformas escalables, eficientes y f\u00e1ciles de usar que proporcionan a las empresas informaci\u00f3n pr\u00e1ctica. Nuestro objetivo es ofrecer soluciones intuitivas y de gran impacto que no solo satisfagan las exigencias normativas y operativas, sino que tambi\u00e9n mejoren la toma de decisiones y los esfuerzos de sostenibilidad.<\/p><\/div>\n\n\n\n<div data-aos= \"fade-down\" data-aos-duration=\"400\" data-aos-delay=\"0\" data-aos-easing=\"ease\" data-aos-once=\"true\" class=\"wp-block-uagb-container our-team uagb-block-db9c0e07\">\n<div class=\"wp-block-group is-horizontal is-content-justification-center is-nowrap is-layout-flex wp-container-core-group-is-layout-2256e7f1 wp-block-group-is-layout-flex\">\n<div class=\"wp-block-columns is-layout-flex wp-container-core-columns-is-layout-28f84493 wp-block-columns-is-layout-flex\">\n<div class=\"wp-block-column is-layout-flow wp-block-column-is-layout-flow\">\n<div class=\"info-box\">\n    <div class=\"info-box-wrapper\">\n        <div class=\"info-box-content\">\n            <div class=\"info-box-image\">\n                <img decoding=\"async\" src=\"https:\/\/petersontechnologies.com\/wp-content\/uploads\/2025\/02\/tescnew.png\" alt=\"TESC Logo\" width=\"50\" height=\"50\" loading=\"lazy\"\/>\n            <\/div>\n            <div class=\"info-box-title\">\n                <h3>TESC<\/h3>\n            <\/div>\n            <p class=\"info-box-description\">\n                Agiliza la gesti\u00f3n de proyectos centralizando tareas, documentos y flujos de trabajo, garantizando el cumplimiento y la eficacia con seguimiento y automatizaci\u00f3n en tiempo real.\n            <\/p>\n            <div class=\"info-box-links\">\n                <a href=\"https:\/\/tesc.peterson-solutions.com\" target=\"_blank\" class=\"info-box-link\" rel=\"noopener noreferrer\">Plataforma de acceso<\/a>\n                <a href=\"\/es\/platforms\/tesc\/\" target=\"_self\" class=\"info-box-link\" rel=\"noopener noreferrer\">M\u00e1s informaci\u00f3n<\/a>\n            <\/div>\n        <\/div>\n    <\/div>\n<\/div>\n<\/div>\n\n\n\n<div class=\"wp-block-column is-layout-flow wp-block-column-is-layout-flow\">\n<div class=\"info-box\">\n    <div class=\"info-box-wrapper\">\n        <div class=\"info-box-content\">\n            <div class=\"info-box-image\">\n                <img decoding=\"async\" src=\"https:\/\/petersontechnologies.com\/wp-content\/uploads\/2024\/09\/PACHS_icon.png\" alt=\"PACHS Logo\" width=\"50\" height=\"50\" loading=\"lazy\"\/>\n            <\/div>\n            <div class=\"info-box-title\">\n                <h3>PACHS<\/h3>\n            <\/div>\n            <p class=\"info-box-description\">\n                Nuestros paneles digitales proporcionan datos agr\u00edcolas, m\u00e9tricas clim\u00e1ticas y an\u00e1lisis del riesgo de micotoxinas, ofreciendo informaci\u00f3n valiosa para una toma de decisiones informada.\n            <\/p>\n            <div class=\"info-box-links\">\n                <a href=\"https:\/\/experience.arcgis.com\/experience\/388a803f509f42cb8d882598d5d344c3\" target=\"_blank\" class=\"info-box-link\" rel=\"noopener noreferrer\">Plataforma de acceso<\/a>\n                <a href=\"\/es\/platforms\/pachs\/\" target=\"_self\" class=\"info-box-link\" rel=\"noopener noreferrer\">M\u00e1s informaci\u00f3n<\/a>\n            <\/div>\n        <\/div>\n    <\/div>\n<\/div>\n<\/div>\n\n\n\n<div class=\"wp-block-column is-layout-constrained wp-block-column-is-layout-constrained\">\n<div class=\"info-box\">\n    <div class=\"info-box-wrapper\">\n        <div class=\"info-box-content\">\n            <div class=\"info-box-image\">\n                <img decoding=\"async\" src=\"https:\/\/petersontechnologies.com\/wp-content\/uploads\/2024\/09\/PISA_icon.png\" alt=\"PISA Logo\" width=\"50\" height=\"50\" loading=\"lazy\"\/>\n            <\/div>\n            <div class=\"info-box-title\">\n                <h3>PISA<\/h3>\n            <\/div>\n            <p class=\"info-box-description\">\n                Permite un r\u00e1pido an\u00e1lisis espacial conectando \u00e1reas de inter\u00e9s con datos socioambientales, generando un informe con un c\u00f3digo QR para su verificaci\u00f3n.\n            <\/p>\n            <div class=\"info-box-links\">\n                <a href=\"https:\/\/pisa.peterson-solutions.com\" target=\"_blank\" class=\"info-box-link\" rel=\"noopener noreferrer\">Plataforma de acceso<\/a>\n                <a href=\"\/es\/platforms\/pisa\/\" target=\"_self\" class=\"info-box-link\" rel=\"noopener noreferrer\">M\u00e1s informaci\u00f3n<\/a>\n            <\/div>\n        <\/div>\n    <\/div>\n<\/div>\n<\/div>\n<\/div>\n<\/div>\n\n\n\n<div class=\"wp-block-group is-content-justification-center is-nowrap is-layout-flex wp-container-core-group-is-layout-23441af8 wp-block-group-is-layout-flex\">\n<div class=\"wp-block-columns wp-container-content-9cfa9a5a is-layout-flex wp-container-core-columns-is-layout-28f84493 wp-block-columns-is-layout-flex\">\n<div class=\"wp-block-column is-layout-constrained wp-block-column-is-layout-constrained\">\n<div class=\"info-box\">\n    <div class=\"info-box-wrapper\">\n        <div class=\"info-box-content\">\n            <div class=\"info-box-image\">\n                <img decoding=\"async\" src=\"https:\/\/petersontechnologies.com\/wp-content\/uploads\/2024\/09\/PURE_icon.png\" alt=\"PURE Logo\" width=\"50\" height=\"50\" loading=\"lazy\"\/>\n            <\/div>\n            <div class=\"info-box-title\">\n                <h3>PURE<\/h3>\n            <\/div>\n            <p class=\"info-box-description\">\n                Nuestra plataforma de GEI simplifica el seguimiento de las emisiones al permitir a los usuarios registrar y analizar datos de distintos \u00e1mbitos y visualizarlos en un cuadro de mandos.\n            <\/p>\n            <div class=\"info-box-links\">\n                <a href=\"\/es\/platforms\/pure\/\" target=\"_self\" class=\"info-box-link\" rel=\"noopener noreferrer\">M\u00e1s informaci\u00f3n<\/a>\n\n            <\/div>\n        <\/div>\n    <\/div>\n<\/div>\n<\/div>\n\n\n\n<div class=\"wp-block-column is-layout-constrained wp-block-column-is-layout-constrained\">\n<div class=\"info-box\">\n    <div class=\"info-box-wrapper\">\n        <div class=\"info-box-content\">\n            <div class=\"info-box-image\">\n                <img decoding=\"async\" src=\"https:\/\/petersontechnologies.com\/wp-content\/uploads\/2025\/02\/csrd_logo.png\" alt=\"PURE Logo\" width=\"50\" height=\"50\" loading=\"lazy\"\/>\n            <\/div>\n            <div class=\"info-box-title\">\n                <h3>CSRD<\/h3>\n            <\/div>\n            <p class=\"info-box-description\">\n              Agiliza la recopilaci\u00f3n de datos y la elaboraci\u00f3n de informes aprovechando la IA para autocompletar la informaci\u00f3n bas\u00e1ndose en los documentos de su empresa.\n            <\/p>\n            <div class=\"info-box-links\">\n                <a href=\"\/es\/compliance\/csrd\/\" target=\"_self\" class=\"info-box-link\" rel=\"noopener noreferrer\">M\u00e1s informaci\u00f3n<\/a>\n\n            <\/div>\n        <\/div>\n    <\/div>\n<\/div>\n<\/div>\n\n\n\n<div class=\"wp-block-column is-layout-constrained wp-block-column-is-layout-constrained\">\n<div class=\"info-box\">\n    <div class=\"info-box-wrapper\">\n        <div class=\"info-box-content\">\n            <div class=\"info-box-image\">\n                <img decoding=\"async\" src=\"https:\/\/petersontechnologies.com\/wp-content\/uploads\/2025\/02\/traceability.png\" alt=\"PURE Logo\" width=\"50\" height=\"50\" loading=\"lazy\"\/>\n            <\/div>\n            <div class=\"info-box-title\">\n                <h3>Trazabilidad<\/h3>\n            <\/div>\n            <p class=\"info-box-description\">\n              Nuestra plataforma de trazabilidad le permite gestionar eficazmente las entidades de su cadena de suministro y realizar un seguimiento de las transacciones entre ellas. \n            <\/p>\n            <div class=\"info-box-links\">\n                <a href=\"\/es\/platforms\/\" target=\"_self\" class=\"info-box-link\" rel=\"noopener noreferrer\">Muy pronto.<\/a>\n\n            <\/div>\n        <\/div>\n    <\/div>\n<\/div>\n<\/div>\n<\/div>\n<\/div>\n\n\n\n<div class=\"wp-block-group is-content-justification-center is-nowrap is-layout-flex wp-container-core-group-is-layout-23441af8 wp-block-group-is-layout-flex\">\n<div class=\"wp-block-columns wp-container-content-9cfa9a5a is-layout-flex wp-container-core-columns-is-layout-28f84493 wp-block-columns-is-layout-flex\">\n<div class=\"wp-block-column is-layout-constrained wp-container-core-column-is-layout-2a929e13 wp-block-column-is-layout-constrained\">\n<div class=\"info-box\">\n    <div class=\"info-box-wrapper\">\n        <div class=\"info-box-content\">\n            <div class=\"info-box-image\">\n                <img decoding=\"async\" src=\"https:\/\/petersontechnologies.com\/wp-content\/uploads\/2025\/02\/connected.png\" alt=\"CONNECTED Logo\" width=\"50\" height=\"50\" loading=\"lazy\"\/>\n            <\/div>\n            <div class=\"info-box-title\">\n                <h3>CONNECTED<\/h3>\n            <\/div>\n            <p class=\"info-box-description\">\n                Trazabilidad completa de la cadena de suministro, que proporciona informaci\u00f3n en tiempo real, seguimiento automatizado del cumplimiento y cartograf\u00eda interactiva de la cadena de suministro.\n            <\/p>\n            <div class=\"info-box-links\">\n                <a href=\"https:\/\/connected.controlunion.com\/cert\/i\" target=\"_blank\" class=\"info-box-link\" rel=\"noopener noreferrer\">Plataforma de acceso<\/a>\n                <a href=\"\/es\/platforms\/connected\/\" target=\"_self\" class=\"info-box-link\" rel=\"noopener noreferrer\">M\u00e1s informaci\u00f3n<\/a>\n            <\/div>\n        <\/div>\n    <\/div>\n<\/div>\n<\/div>\n<\/div>\n<\/div>\n<\/div>\n\n\n\n<div data-aos= \"fade-down\" data-aos-duration=\"400\" data-aos-delay=\"0\" data-aos-easing=\"ease\" data-aos-once=\"true\" class=\"wp-block-uagb-container our-team uagb-block-a38bf36b\"><\/div>\n<\/div><\/div>\n\n\n\n<div class=\"wp-block-uagb-container uagb-layout-flex uagb-block-c854d785 alignfull uagb-is-root-container\"><div class=\"uagb-container-inner-blocks-wrap\">\n<div data-aos= \"fade-down\" data-aos-duration=\"400\" data-aos-delay=\"0\" data-aos-easing=\"ease\" data-aos-once=\"true\" class=\"wp-block-uagb-container uagb-layout-grid uagb-block-1af7d822\">\n<div class=\"wp-block-uagb-advanced-heading uagb-block-0b9f45a6\"><h3 class=\"uagb-heading-text\">Nos encantar\u00eda saber m\u00e1s sobre su proyecto.<\/h3><\/div>\n\n\n\n<div class=\"wp-block-uagb-buttons uagb-buttons__outer-wrap uagb-btn__default-btn uagb-btn-tablet__default-btn uagb-btn-mobile__default-btn uagb-block-1402d9bd\"><div class=\"uagb-buttons__wrap uagb-buttons-layout-wrap\">\n<div class=\"wp-block-uagb-buttons-child uagb-buttons__outer-wrap uagb-block-6b3c00a0 wp-block-button\"><div class=\"uagb-button__wrapper\"><a class=\"uagb-buttons-repeater wp-block-button__link\" aria-label=\"\" href=\"\/es\/contact\/\" rel=\"follow noopener\" target=\"_self\" role=\"button\"><div class=\"uagb-button__link\">Contacte con nuestro equipo<\/div><\/a><\/div><\/div>\n<\/div><\/div>\n<\/div>\n<\/div><\/div>","protected":false},"excerpt":{"rendered":"<p>Our platforms By identifying shared challenges across industries, we create scalable, efficient, and user-friendly platforms that empower businesses with actionable insights. Our goal is to provide intuitive, high-impact solutions that not only meet regulatory and operational demands but also enhance decision-making and sustainability efforts. TESC Streamlines project management by centralizing tasks, documents, and workflows, ensuring [&hellip;]<\/p>\n","protected":false},"author":2,"featured_media":0,"parent":0,"menu_order":0,"comment_status":"closed","ping_status":"closed","template":"","meta":{"content-type":"","_uag_custom_page_level_css":".mockup-img img {\n\toverflow: visible!important;\n\tmargin-left: 160px;\n}\n\n.img-mockup-mb {\n\tpadding-left: 60px;\n}\n\n.paio-section {\n\tmax-height: 340px;\n}\n\n@media (min-width:1000px) {\n\t.hero-text h4 {\n\tmax-width: 500px;\n\t}\n\t\n\t.intro-text h2 {\n\t\tmax-width: 400px;\n\t}\n}\n\n@media (max-width:800px) {\n\t.uagb-ifb-image-content img {\n\t\twidth: 35px!important;\n\t\tmargin-top: 16px;\n\t}\n}","site-sidebar-layout":"no-sidebar","site-content-layout":"plain-container","ast-site-content-layout":"full-width-container","site-content-style":"unboxed","site-sidebar-style":"unboxed","ast-global-header-display":"","ast-banner-title-visibility":"","ast-main-header-display":"","ast-hfb-above-header-display":"","ast-hfb-below-header-display":"","ast-hfb-mobile-header-display":"","site-post-title":"disabled","ast-breadcrumbs-content":"","ast-featured-img":"disabled","footer-sml-layout":"","theme-transparent-header-meta":"default","adv-header-id-meta":"","stick-header-meta":"","header-above-stick-meta":"","header-main-stick-meta":"","header-below-stick-meta":"","astra-migrate-meta-layouts":"set","ast-page-background-enabled":"default","ast-page-background-meta":{"desktop":{"background-color":"","background-image":"","background-repeat":"repeat","background-position":"center center","background-size":"auto","background-attachment":"scroll","background-type":"","background-media":"","overlay-type":"","overlay-color":"","overlay-opacity":"","overlay-gradient":""},"tablet":{"background-color":"","background-image":"","background-repeat":"repeat","background-position":"center center","background-size":"auto","background-attachment":"scroll","background-type":"","background-media":"","overlay-type":"","overlay-color":"","overlay-opacity":"","overlay-gradient":""},"mobile":{"background-color":"","background-image":"","background-repeat":"repeat","background-position":"center center","background-size":"auto","background-attachment":"scroll","background-type":"","background-media":"","overlay-type":"","overlay-color":"","overlay-opacity":"","overlay-gradient":""}},"ast-content-background-meta":{"desktop":{"background-color":"var(--ast-global-color-5)","background-image":"","background-repeat":"repeat","background-position":"center center","background-size":"auto","background-attachment":"scroll","background-type":"","background-media":"","overlay-type":"","overlay-color":"","overlay-opacity":"","overlay-gradient":""},"tablet":{"background-color":"var(--ast-global-color-5)","background-image":"","background-repeat":"repeat","background-position":"center center","background-size":"auto","background-attachment":"scroll","background-type":"","background-media":"","overlay-type":"","overlay-color":"","overlay-opacity":"","overlay-gradient":""},"mobile":{"background-color":"var(--ast-global-color-5)","background-image":"","background-repeat":"repeat","background-position":"center center","background-size":"auto","background-attachment":"scroll","background-type":"","background-media":"","overlay-type":"","overlay-color":"","overlay-opacity":"","overlay-gradient":""}},"footnotes":""},"class_list":["post-1960","page","type-page","status-publish","hentry"],"yoast_head":"<!-- This site is optimized with the Yoast SEO plugin v26.8 - https:\/\/yoast.com\/product\/yoast-seo-wordpress\/ -->\n<title>Platforms - Innovative Solutions For a Greener Future - Peterson Technologies - Sustainability and Agritech Digital Solutions<\/title>\n<meta name=\"robots\" content=\"index, follow, max-snippet:-1, max-image-preview:large, max-video-preview:-1\" \/>\n<link rel=\"canonical\" href=\"https:\/\/petersontechnologies.com\/es\/platforms\/\" \/>\n<meta property=\"og:locale\" content=\"es_ES\" \/>\n<meta property=\"og:type\" content=\"article\" \/>\n<meta property=\"og:title\" content=\"Platforms - Innovative Solutions For a Greener Future - Peterson Technologies - Sustainability and Agritech Digital Solutions\" \/>\n<meta property=\"og:description\" content=\"Our platforms By identifying shared challenges across industries, we create scalable, efficient, and user-friendly platforms that empower businesses with actionable insights. Our goal is to provide intuitive, high-impact solutions that not only meet regulatory and operational demands but also enhance decision-making and sustainability efforts. TESC Streamlines project management by centralizing tasks, documents, and workflows, ensuring [&hellip;]\" \/>\n<meta property=\"og:url\" content=\"https:\/\/petersontechnologies.com\/es\/platforms\/\" \/>\n<meta property=\"og:site_name\" content=\"Peterson Technologies - Sustainability and Agritech Digital Solutions\" \/>\n<meta property=\"article:modified_time\" content=\"2025-02-06T17:25:08+00:00\" \/>\n<meta property=\"og:image\" content=\"https:\/\/petersontechnologies.com\/wp-content\/uploads\/2025\/02\/tescnew.png\" \/>\n<meta name=\"twitter:card\" content=\"summary_large_image\" \/>\n<meta name=\"twitter:label1\" content=\"Tiempo de lectura\" \/>\n\t<meta name=\"twitter:data1\" content=\"4 minutos\" \/>\n<script type=\"application\/ld+json\" class=\"yoast-schema-graph\">{\"@context\":\"https:\/\/schema.org\",\"@graph\":[{\"@type\":\"WebPage\",\"@id\":\"https:\/\/petersontechnologies.com\/es\/platforms\/\",\"url\":\"https:\/\/petersontechnologies.com\/es\/platforms\/\",\"name\":\"Platforms - Innovative Solutions For a Greener Future - Peterson Technologies - Sustainability and Agritech Digital Solutions\",\"isPartOf\":{\"@id\":\"https:\/\/petersontechnologies.com\/#website\"},\"primaryImageOfPage\":{\"@id\":\"https:\/\/petersontechnologies.com\/es\/platforms\/#primaryimage\"},\"image\":{\"@id\":\"https:\/\/petersontechnologies.com\/es\/platforms\/#primaryimage\"},\"thumbnailUrl\":\"https:\/\/petersontechnologies.com\/wp-content\/uploads\/2025\/02\/tescnew.png\",\"datePublished\":\"2025-02-04T14:53:43+00:00\",\"dateModified\":\"2025-02-06T17:25:08+00:00\",\"breadcrumb\":{\"@id\":\"https:\/\/petersontechnologies.com\/es\/platforms\/#breadcrumb\"},\"inLanguage\":\"es\",\"potentialAction\":[{\"@type\":\"ReadAction\",\"target\":[\"https:\/\/petersontechnologies.com\/es\/platforms\/\"]}]},{\"@type\":\"ImageObject\",\"inLanguage\":\"es\",\"@id\":\"https:\/\/petersontechnologies.com\/es\/platforms\/#primaryimage\",\"url\":\"https:\/\/petersontechnologies.com\/wp-content\/uploads\/2025\/02\/tescnew.png\",\"contentUrl\":\"https:\/\/petersontechnologies.com\/wp-content\/uploads\/2025\/02\/tescnew.png\"},{\"@type\":\"BreadcrumbList\",\"@id\":\"https:\/\/petersontechnologies.com\/es\/platforms\/#breadcrumb\",\"itemListElement\":[{\"@type\":\"ListItem\",\"position\":1,\"name\":\"Home\",\"item\":\"https:\/\/petersontechnologies.com\/\"},{\"@type\":\"ListItem\",\"position\":2,\"name\":\"Platforms &#8211; Innovative Solutions For a Greener Future\"}]},{\"@type\":\"WebSite\",\"@id\":\"https:\/\/petersontechnologies.com\/#website\",\"url\":\"https:\/\/petersontechnologies.com\/\",\"name\":\"Peterson Technologies\",\"description\":\"\",\"publisher\":{\"@id\":\"https:\/\/petersontechnologies.com\/#organization\"},\"potentialAction\":[{\"@type\":\"SearchAction\",\"target\":{\"@type\":\"EntryPoint\",\"urlTemplate\":\"https:\/\/petersontechnologies.com\/?s={search_term_string}\"},\"query-input\":{\"@type\":\"PropertyValueSpecification\",\"valueRequired\":true,\"valueName\":\"search_term_string\"}}],\"inLanguage\":\"es\"},{\"@type\":\"Organization\",\"@id\":\"https:\/\/petersontechnologies.com\/#organization\",\"name\":\"Peterson Technologies\",\"url\":\"https:\/\/petersontechnologies.com\/\",\"logo\":{\"@type\":\"ImageObject\",\"inLanguage\":\"es\",\"@id\":\"https:\/\/petersontechnologies.com\/#\/schema\/logo\/image\/\",\"url\":\"https:\/\/petersontechnologies.com\/wp-content\/uploads\/2025\/01\/Peterson-Solutions-Logo_Full-Colour.png\",\"contentUrl\":\"https:\/\/petersontechnologies.com\/wp-content\/uploads\/2025\/01\/Peterson-Solutions-Logo_Full-Colour.png\",\"width\":1986,\"height\":240,\"caption\":\"Peterson Technologies\"},\"image\":{\"@id\":\"https:\/\/petersontechnologies.com\/#\/schema\/logo\/image\/\"}}]}<\/script>\n<!-- \/ Yoast SEO plugin. -->","yoast_head_json":{"title":"Platforms - Innovative Solutions For a Greener Future - Peterson Technologies - Sustainability and Agritech Digital Solutions","robots":{"index":"index","follow":"follow","max-snippet":"max-snippet:-1","max-image-preview":"max-image-preview:large","max-video-preview":"max-video-preview:-1"},"canonical":"https:\/\/petersontechnologies.com\/es\/platforms\/","og_locale":"es_ES","og_type":"article","og_title":"Platforms - Innovative Solutions For a Greener Future - Peterson Technologies - Sustainability and Agritech Digital Solutions","og_description":"Our platforms By identifying shared challenges across industries, we create scalable, efficient, and user-friendly platforms that empower businesses with actionable insights. Our goal is to provide intuitive, high-impact solutions that not only meet regulatory and operational demands but also enhance decision-making and sustainability efforts. TESC Streamlines project management by centralizing tasks, documents, and workflows, ensuring [&hellip;]","og_url":"https:\/\/petersontechnologies.com\/es\/platforms\/","og_site_name":"Peterson Technologies - Sustainability and Agritech Digital Solutions","article_modified_time":"2025-02-06T17:25:08+00:00","og_image":[{"url":"https:\/\/petersontechnologies.com\/wp-content\/uploads\/2025\/02\/tescnew.png","type":"","width":"","height":""}],"twitter_card":"summary_large_image","twitter_misc":{"Tiempo de lectura":"4 minutos"},"schema":{"@context":"https:\/\/schema.org","@graph":[{"@type":"WebPage","@id":"https:\/\/petersontechnologies.com\/es\/platforms\/","url":"https:\/\/petersontechnologies.com\/es\/platforms\/","name":"Platforms - Innovative Solutions For a Greener Future - Peterson Technologies - Sustainability and Agritech Digital Solutions","isPartOf":{"@id":"https:\/\/petersontechnologies.com\/#website"},"primaryImageOfPage":{"@id":"https:\/\/petersontechnologies.com\/es\/platforms\/#primaryimage"},"image":{"@id":"https:\/\/petersontechnologies.com\/es\/platforms\/#primaryimage"},"thumbnailUrl":"https:\/\/petersontechnologies.com\/wp-content\/uploads\/2025\/02\/tescnew.png","datePublished":"2025-02-04T14:53:43+00:00","dateModified":"2025-02-06T17:25:08+00:00","breadcrumb":{"@id":"https:\/\/petersontechnologies.com\/es\/platforms\/#breadcrumb"},"inLanguage":"es","potentialAction":[{"@type":"ReadAction","target":["https:\/\/petersontechnologies.com\/es\/platforms\/"]}]},{"@type":"ImageObject","inLanguage":"es","@id":"https:\/\/petersontechnologies.com\/es\/platforms\/#primaryimage","url":"https:\/\/petersontechnologies.com\/wp-content\/uploads\/2025\/02\/tescnew.png","contentUrl":"https:\/\/petersontechnologies.com\/wp-content\/uploads\/2025\/02\/tescnew.png"},{"@type":"BreadcrumbList","@id":"https:\/\/petersontechnologies.com\/es\/platforms\/#breadcrumb","itemListElement":[{"@type":"ListItem","position":1,"name":"Home","item":"https:\/\/petersontechnologies.com\/"},{"@type":"ListItem","position":2,"name":"Platforms &#8211; Innovative Solutions For a Greener Future"}]},{"@type":"WebSite","@id":"https:\/\/petersontechnologies.com\/#website","url":"https:\/\/petersontechnologies.com\/","name":"Peterson Technologies","description":"","publisher":{"@id":"https:\/\/petersontechnologies.com\/#organization"},"potentialAction":[{"@type":"SearchAction","target":{"@type":"EntryPoint","urlTemplate":"https:\/\/petersontechnologies.com\/?s={search_term_string}"},"query-input":{"@type":"PropertyValueSpecification","valueRequired":true,"valueName":"search_term_string"}}],"inLanguage":"es"},{"@type":"Organization","@id":"https:\/\/petersontechnologies.com\/#organization","name":"Peterson Technologies","url":"https:\/\/petersontechnologies.com\/","logo":{"@type":"ImageObject","inLanguage":"es","@id":"https:\/\/petersontechnologies.com\/#\/schema\/logo\/image\/","url":"https:\/\/petersontechnologies.com\/wp-content\/uploads\/2025\/01\/Peterson-Solutions-Logo_Full-Colour.png","contentUrl":"https:\/\/petersontechnologies.com\/wp-content\/uploads\/2025\/01\/Peterson-Solutions-Logo_Full-Colour.png","width":1986,"height":240,"caption":"Peterson Technologies"},"image":{"@id":"https:\/\/petersontechnologies.com\/#\/schema\/logo\/image\/"}}]}},"uagb_featured_image_src":{"full":false,"thumbnail":false,"medium":false,"medium_large":false,"large":false,"1536x1536":false,"2048x2048":false,"trp-custom-language-flag":false,"gform-image-choice-sm":false,"gform-image-choice-md":false,"gform-image-choice-lg":false},"uagb_author_info":{"display_name":"peterson","author_link":"https:\/\/petersontechnologies.com\/es\/author\/peterson\/"},"uagb_comment_info":0,"uagb_excerpt":"Our platforms By identifying shared challenges across industries, we create scalable, efficient, and user-friendly platforms that empower businesses with actionable insights. Our goal is to provide intuitive, high-impact solutions that not only meet regulatory and operational demands but also enhance decision-making and sustainability efforts. TESC Streamlines project management by centralizing tasks, documents, and workflows, ensuring&hellip;","_links":{"self":[{"href":"https:\/\/petersontechnologies.com\/es\/wp-json\/wp\/v2\/pages\/1960","targetHints":{"allow":["GET"]}}],"collection":[{"href":"https:\/\/petersontechnologies.com\/es\/wp-json\/wp\/v2\/pages"}],"about":[{"href":"https:\/\/petersontechnologies.com\/es\/wp-json\/wp\/v2\/types\/page"}],"author":[{"embeddable":true,"href":"https:\/\/petersontechnologies.com\/es\/wp-json\/wp\/v2\/users\/2"}],"replies":[{"embeddable":true,"href":"https:\/\/petersontechnologies.com\/es\/wp-json\/wp\/v2\/comments?post=1960"}],"version-history":[{"count":57,"href":"https:\/\/petersontechnologies.com\/es\/wp-json\/wp\/v2\/pages\/1960\/revisions"}],"predecessor-version":[{"id":2183,"href":"https:\/\/petersontechnologies.com\/es\/wp-json\/wp\/v2\/pages\/1960\/revisions\/2183"}],"wp:attachment":[{"href":"https:\/\/petersontechnologies.com\/es\/wp-json\/wp\/v2\/media?parent=1960"}],"curies":[{"name":"wp","href":"https:\/\/api.w.org\/{rel}","templated":true}]}}