{"id":1754,"date":"2024-11-12T17:33:06","date_gmt":"2024-11-12T17:33:06","guid":{"rendered":"https:\/\/petersontechnologies.com\/?page_id=1754"},"modified":"2024-11-12T17:38:25","modified_gmt":"2024-11-12T17:38:25","slug":"thank-you","status":"publish","type":"page","link":"https:\/\/petersontechnologies.com\/es\/platforms\/pure\/thank-you\/","title":{"rendered":"Thank You!"},"content":{"rendered":"<div id=\"intro\" class=\"wp-block-uagb-container uagb-block-4741146c alignfull uagb-is-root-container\"><div class=\"uagb-container-inner-blocks-wrap\">\n<div data-aos= \"fade-right\" data-aos-duration=\"400\" data-aos-delay=\"0\" data-aos-easing=\"ease\" data-aos-once=\"true\" class=\"wp-block-uagb-container uagb-block-22006212\">\n<div class=\"wp-block-uagb-info-box uagb-block-4a341757 uagb-infobox__content-wrap  uagb-infobox-icon-above-title uagb-infobox-image-valign-top hero-text thank-you-text\"><div class=\"uagb-ifb-content\"><div class=\"uagb-ifb-title-wrap\"><h1 class=\"uagb-ifb-title-prefix\">Gracias por ponerse en contacto con nosotros.<\/h1><div class=\"uagb-ifb-separator\"><\/div><h4 class=\"uagb-ifb-title\">Nuestros asesores expertos se pondr\u00e1n en contacto con usted en breve.<\/h4><\/div><\/div><\/div>\n<\/div>\n<\/div><\/div>\n\n\n\n<div class=\"wp-block-uagb-container uagb-block-3a22cff4 alignfull uagb-is-root-container\"><div class=\"uagb-container-inner-blocks-wrap\">\n<div data-aos= \"fade-down\" data-aos-duration=\"400\" data-aos-delay=\"0\" data-aos-easing=\"ease\" data-aos-once=\"true\" class=\"wp-block-uagb-advanced-heading uagb-block-e2344a42\"><h2 class=\"uagb-heading-text\">Mientras tanto, le invitamos a leer nuestros \u00faltimos posts<\/h2><div class=\"uagb-separator\"><\/div><p class=\"uagb-desc-text\">Explore perspectivas sobre geoservicios, an\u00e1lisis de datos y tecnolog\u00eda innovadora. Mant\u00e9ngase informado con consejos de expertos, casos pr\u00e1cticos y tendencias del sector que le ayudar\u00e1n a tomar decisiones m\u00e1s inteligentes. <\/p><\/div>\n\n\n\n\t\t\t<div data-aos= \"fade-down\" data-aos-duration=\"400\" data-aos-delay=\"0\" data-aos-easing=\"ease\" data-aos-once=\"true\" class=\"wp-block-uagb-post-carousel uagb-post-grid  uagb-post__image-position-top uagb-post__image-enabled uagb-block-4a658d6b     uagb-post__arrow-outside uagb-post__items uagb-post__columns-4 is-carousel uagb-post__columns-tablet-2 uagb-post__columns-mobile-1\" data-total=\"2\" style=\"\">\n\n\t\t\t\t\t\t\t\t\t\t\t\t<article class=\"uagb-post__inner-wrap\">\t\t\t\t\t\t\t\t<div class='uagb-post__image'>\n\t\t\t\t\t\t\t\t\t<a href=\"https:\/\/petersontechnologies.com\/es\/satellite-monitoring-a-game-changer-for-coconut-plantations-across-asia\/\" target=\"_self\" rel=\"bookmark noopener noreferrer\"><img loading=\"lazy\" decoding=\"async\" width=\"300\" height=\"130\" src=\"https:\/\/petersontechnologies.com\/wp-content\/uploads\/2025\/06\/img-2-coconut-case.jpeg\" class=\"attachment-medium size-medium\" alt=\"\" \/>\t\t\t\t\t<\/a>\n\t\t\t\t\t\t\t\t\t<\/div>\n\t\t\t\t\t\t<h4 class=\"uagb-post__title uagb-post__text\">\n\t\t\t\t<a href=\"https:\/\/petersontechnologies.com\/es\/satellite-monitoring-a-game-changer-for-coconut-plantations-across-asia\/\" target=\"_self\" rel=\"bookmark noopener noreferrer\">Satellite Monitoring: a game changer for coconut plantations across Asia<\/a>\n\t\t\t<\/h4>\n\t\t\t\t\t\t<div class='uagb-post__text uagb-post-grid-byline'>\n\t\t\t\t\t\t\t\t<time datetime=\"2025-06-13T14:03:03+00:00\" class=\"uagb-post__date\">\n\t\t\t\t\t\t\t\t\tjunio 13, 2025\t\t\t\t<\/time>\n\t\t\t\t\t\t<\/div>\n\t\t\t\t\t\t<div class=\"uagb-post__text uagb-post__cta wp-block-button\">\n\t\t\t\t<a class=\"wp-block-button__link uagb-text-link\" style=\"\" href=\"https:\/\/petersontechnologies.com\/es\/satellite-monitoring-a-game-changer-for-coconut-plantations-across-asia\/\" target=\"_self\" rel=\"bookmark noopener noreferrer\">Leer m\u00e1s<\/a>\n\t\t\t<\/div>\n\t\t\t\n\t\t\t\t\t\t\t\t\t<\/article>\n\t\t\t\t\t\t\t\t\t\t\t\t\t\t\t\t<article class=\"uagb-post__inner-wrap\">\t\t\t\t\t\t\t\t<div class='uagb-post__image'>\n\t\t\t\t\t\t\t\t\t<a href=\"https:\/\/petersontechnologies.com\/es\/how-to-comply-with-csrd-reporting-requirements\/\" target=\"_self\" rel=\"bookmark noopener noreferrer\"><img loading=\"lazy\" decoding=\"async\" width=\"300\" height=\"199\" src=\"https:\/\/petersontechnologies.com\/wp-content\/uploads\/2025\/02\/pexels-goumbik-669612-1-300x199.jpg\" class=\"attachment-medium size-medium\" alt=\"\" srcset=\"https:\/\/petersontechnologies.com\/wp-content\/uploads\/2025\/02\/pexels-goumbik-669612-1-300x199.jpg 300w, https:\/\/petersontechnologies.com\/wp-content\/uploads\/2025\/02\/pexels-goumbik-669612-1-1024x678.jpg 1024w, https:\/\/petersontechnologies.com\/wp-content\/uploads\/2025\/02\/pexels-goumbik-669612-1-768x509.jpg 768w, https:\/\/petersontechnologies.com\/wp-content\/uploads\/2025\/02\/pexels-goumbik-669612-1-1536x1017.jpg 1536w, https:\/\/petersontechnologies.com\/wp-content\/uploads\/2025\/02\/pexels-goumbik-669612-1-2048x1356.jpg 2048w, https:\/\/petersontechnologies.com\/wp-content\/uploads\/2025\/02\/pexels-goumbik-669612-1-18x12.jpg 18w\" sizes=\"auto, (max-width: 300px) 100vw, 300px\" \/>\t\t\t\t\t<\/a>\n\t\t\t\t\t\t\t\t\t<\/div>\n\t\t\t\t\t\t<h4 class=\"uagb-post__title uagb-post__text\">\n\t\t\t\t<a href=\"https:\/\/petersontechnologies.com\/es\/how-to-comply-with-csrd-reporting-requirements\/\" target=\"_self\" rel=\"bookmark noopener noreferrer\">C\u00f3mo cumplir los requisitos de informaci\u00f3n del CSRD<\/a>\n\t\t\t<\/h4>\n\t\t\t\t\t\t<div class='uagb-post__text uagb-post-grid-byline'>\n\t\t\t\t\t\t\t\t<time datetime=\"2025-02-07T13:30:23+00:00\" class=\"uagb-post__date\">\n\t\t\t\t\t\t\t\t\t7 de febrero de 2025\t\t\t\t<\/time>\n\t\t\t\t\t\t<\/div>\n\t\t\t\t\t\t<div class=\"uagb-post__text uagb-post__cta wp-block-button\">\n\t\t\t\t<a class=\"wp-block-button__link uagb-text-link\" style=\"\" href=\"https:\/\/petersontechnologies.com\/es\/how-to-comply-with-csrd-reporting-requirements\/\" target=\"_self\" rel=\"bookmark noopener noreferrer\">Leer m\u00e1s<\/a>\n\t\t\t<\/div>\n\t\t\t\n\t\t\t\t\t\t\t\t\t<\/article>\n\t\t\t\t\t\t\t\t\t\t\t\t\t\t\t\t<article class=\"uagb-post__inner-wrap\">\t\t\t\t\t\t\t\t<div class='uagb-post__image'>\n\t\t\t\t\t\t\t\t\t<a href=\"https:\/\/petersontechnologies.com\/es\/eudr-may-be-postponed-dont-wait-prepare\/\" target=\"_self\" rel=\"bookmark noopener noreferrer\"><img loading=\"lazy\" decoding=\"async\" width=\"205\" height=\"300\" src=\"https:\/\/petersontechnologies.com\/wp-content\/uploads\/2024\/09\/PURE_2.png\" class=\"attachment-medium size-medium\" alt=\"\" \/>\t\t\t\t\t<\/a>\n\t\t\t\t\t\t\t\t\t<\/div>\n\t\t\t\t\t\t<h4 class=\"uagb-post__title uagb-post__text\">\n\t\t\t\t<a href=\"https:\/\/petersontechnologies.com\/es\/eudr-may-be-postponed-dont-wait-prepare\/\" target=\"_self\" rel=\"bookmark noopener noreferrer\">La EUDR puede aplazarse. No espere, prep\u00e1rese.<\/a>\n\t\t\t<\/h4>\n\t\t\t\t\t\t<div class='uagb-post__text uagb-post-grid-byline'>\n\t\t\t\t\t\t\t\t<time datetime=\"2024-10-19T14:16:26+00:00\" class=\"uagb-post__date\">\n\t\t\t\t\t\t\t\t\t19 de octubre de 2024\t\t\t\t<\/time>\n\t\t\t\t\t\t<\/div>\n\t\t\t\t\t\t<div class=\"uagb-post__text uagb-post__cta wp-block-button\">\n\t\t\t\t<a class=\"wp-block-button__link uagb-text-link\" style=\"\" href=\"https:\/\/petersontechnologies.com\/es\/eudr-may-be-postponed-dont-wait-prepare\/\" target=\"_self\" rel=\"bookmark noopener noreferrer\">Leer m\u00e1s<\/a>\n\t\t\t<\/div>\n\t\t\t\n\t\t\t\t\t\t\t\t\t<\/article>\n\t\t\t\t\t\t\t\t\t\t\t\t\t\t\t\t<article class=\"uagb-post__inner-wrap\">\t\t\t\t\t\t\t\t<div class='uagb-post__image'>\n\t\t\t\t\t\t\t\t\t<a href=\"https:\/\/petersontechnologies.com\/es\/navigating-data-and-compliance-challenges-facing-eudr-regulation\/\" target=\"_self\" rel=\"bookmark noopener noreferrer\"><img loading=\"lazy\" decoding=\"async\" width=\"250\" height=\"300\" src=\"https:\/\/petersontechnologies.com\/wp-content\/uploads\/2024\/08\/forest-250x300.png\" class=\"attachment-medium size-medium\" alt=\"\" srcset=\"https:\/\/petersontechnologies.com\/wp-content\/uploads\/2024\/08\/forest-250x300.png 250w, https:\/\/petersontechnologies.com\/wp-content\/uploads\/2024\/08\/forest.png 480w\" sizes=\"auto, (max-width: 250px) 100vw, 250px\" \/>\t\t\t\t\t<\/a>\n\t\t\t\t\t\t\t\t\t<\/div>\n\t\t\t\t\t\t<h4 class=\"uagb-post__title uagb-post__text\">\n\t\t\t\t<a href=\"https:\/\/petersontechnologies.com\/es\/navigating-data-and-compliance-challenges-facing-eudr-regulation\/\" target=\"_self\" rel=\"bookmark noopener noreferrer\">Afrontar los retos en materia de datos y cumplimiento de la normativa EUDR<\/a>\n\t\t\t<\/h4>\n\t\t\t\t\t\t<div class='uagb-post__text uagb-post-grid-byline'>\n\t\t\t\t\t\t\t\t<time datetime=\"2024-10-19T14:13:40+00:00\" class=\"uagb-post__date\">\n\t\t\t\t\t\t\t\t\t19 de octubre de 2024\t\t\t\t<\/time>\n\t\t\t\t\t\t<\/div>\n\t\t\t\t\t\t<div class=\"uagb-post__text uagb-post__cta wp-block-button\">\n\t\t\t\t<a class=\"wp-block-button__link uagb-text-link\" style=\"\" href=\"https:\/\/petersontechnologies.com\/es\/navigating-data-and-compliance-challenges-facing-eudr-regulation\/\" target=\"_self\" rel=\"bookmark noopener noreferrer\">Leer m\u00e1s<\/a>\n\t\t\t<\/div>\n\t\t\t\n\t\t\t\t\t\t\t\t\t<\/article>\n\t\t\t\t\t\t\t\t\t\t\t<\/div>\n\t\t\t<\/div><\/div>","protected":false},"excerpt":{"rendered":"<p>Meanwhile, we invite you to read our latest posts Explore insights on geoservices, data analytics, and innovative technology. Stay informed with expert tips, case studies, and industry trends to help you make smarter decisions.<\/p>","protected":false},"author":2,"featured_media":0,"parent":1076,"menu_order":0,"comment_status":"closed","ping_status":"closed","template":"","meta":{"content-type":"","_uag_custom_page_level_css":".mockup-img img {\n\toverflow: visible!important;\n\tmargin-left: 160px;\n}\n\n.img-mockup-mb {\n\tpadding-left: 60px;\n}\n\n.paio-section {\n\tmax-height: 340px;\n}\n\n@media (min-width:1000px) {\n\t.hero-text h4 {\n\tmax-width: 500px;\n\t}\n\t\n\t.intro-text h2 {\n\t\tmax-width: 400px;\n\t}\n}\n\n@media (max-width:800px) {\n\t.uagb-ifb-image-content img {\n\t\twidth: 35px!important;\n\t\tmargin-top: 16px;\n\t}\n}","site-sidebar-layout":"no-sidebar","site-content-layout":"plain-container","ast-site-content-layout":"full-width-container","site-content-style":"unboxed","site-sidebar-style":"unboxed","ast-global-header-display":"","ast-banner-title-visibility":"","ast-main-header-display":"","ast-hfb-above-header-display":"","ast-hfb-below-header-display":"","ast-hfb-mobile-header-display":"","site-post-title":"disabled","ast-breadcrumbs-content":"","ast-featured-img":"disabled","footer-sml-layout":"","theme-transparent-header-meta":"default","adv-header-id-meta":"","stick-header-meta":"","header-above-stick-meta":"","header-main-stick-meta":"","header-below-stick-meta":"","astra-migrate-meta-layouts":"set","ast-page-background-enabled":"default","ast-page-background-meta":{"desktop":{"background-color":"","background-image":"","background-repeat":"repeat","background-position":"center center","background-size":"auto","background-attachment":"scroll","background-type":"","background-media":"","overlay-type":"","overlay-color":"","overlay-opacity":"","overlay-gradient":""},"tablet":{"background-color":"","background-image":"","background-repeat":"repeat","background-position":"center center","background-size":"auto","background-attachment":"scroll","background-type":"","background-media":"","overlay-type":"","overlay-color":"","overlay-opacity":"","overlay-gradient":""},"mobile":{"background-color":"","background-image":"","background-repeat":"repeat","background-position":"center center","background-size":"auto","background-attachment":"scroll","background-type":"","background-media":"","overlay-type":"","overlay-color":"","overlay-opacity":"","overlay-gradient":""}},"ast-content-background-meta":{"desktop":{"background-color":"var(--ast-global-color-5)","background-image":"","background-repeat":"repeat","background-position":"center center","background-size":"auto","background-attachment":"scroll","background-type":"","background-media":"","overlay-type":"","overlay-color":"","overlay-opacity":"","overlay-gradient":""},"tablet":{"background-color":"var(--ast-global-color-5)","background-image":"","background-repeat":"repeat","background-position":"center center","background-size":"auto","background-attachment":"scroll","background-type":"","background-media":"","overlay-type":"","overlay-color":"","overlay-opacity":"","overlay-gradient":""},"mobile":{"background-color":"var(--ast-global-color-5)","background-image":"","background-repeat":"repeat","background-position":"center center","background-size":"auto","background-attachment":"scroll","background-type":"","background-media":"","overlay-type":"","overlay-color":"","overlay-opacity":"","overlay-gradient":""}},"footnotes":""},"class_list":["post-1754","page","type-page","status-publish","hentry"],"yoast_head":"<!-- This site is optimized with the Yoast SEO plugin v26.8 - https:\/\/yoast.com\/product\/yoast-seo-wordpress\/ -->\n<title>Thank You! - Peterson Technologies - Sustainability and Agritech Digital Solutions<\/title>\n<meta name=\"robots\" content=\"index, follow, max-snippet:-1, max-image-preview:large, max-video-preview:-1\" \/>\n<link rel=\"canonical\" href=\"https:\/\/petersontechnologies.com\/es\/platforms\/pure\/thank-you\/\" \/>\n<meta property=\"og:locale\" content=\"es_ES\" \/>\n<meta property=\"og:type\" content=\"article\" \/>\n<meta property=\"og:title\" content=\"Thank You! - Peterson Technologies - Sustainability and Agritech Digital Solutions\" \/>\n<meta property=\"og:description\" content=\"Meanwhile, we invite you to read our latest posts Explore insights on geoservices, data analytics, and innovative technology. Stay informed with expert tips, case studies, and industry trends to help you make smarter decisions.\" \/>\n<meta property=\"og:url\" content=\"https:\/\/petersontechnologies.com\/es\/platforms\/pure\/thank-you\/\" \/>\n<meta property=\"og:site_name\" content=\"Peterson Technologies - Sustainability and Agritech Digital Solutions\" \/>\n<meta property=\"article:modified_time\" content=\"2024-11-12T17:38:25+00:00\" \/>\n<meta property=\"og:image\" content=\"https:\/\/petersontechnologies.com\/wp-content\/uploads\/2025\/01\/Peterson-Solutions-Logo_Full-Colour.png\" \/>\n\t<meta property=\"og:image:width\" content=\"1986\" \/>\n\t<meta property=\"og:image:height\" content=\"240\" \/>\n\t<meta property=\"og:image:type\" content=\"image\/png\" \/>\n<meta name=\"twitter:card\" content=\"summary_large_image\" \/>\n<meta name=\"twitter:label1\" content=\"Tiempo de lectura\" \/>\n\t<meta name=\"twitter:data1\" content=\"4 minutos\" \/>\n<script type=\"application\/ld+json\" class=\"yoast-schema-graph\">{\"@context\":\"https:\/\/schema.org\",\"@graph\":[{\"@type\":\"WebPage\",\"@id\":\"https:\/\/petersontechnologies.com\/pt\/platforms\/pure\/thank-you\/\",\"url\":\"https:\/\/petersontechnologies.com\/pt\/platforms\/pure\/thank-you\/\",\"name\":\"Thank You! - Peterson Technologies - Sustainability and Agritech Digital Solutions\",\"isPartOf\":{\"@id\":\"https:\/\/petersontechnologies.com\/#website\"},\"datePublished\":\"2024-11-12T17:33:06+00:00\",\"dateModified\":\"2024-11-12T17:38:25+00:00\",\"breadcrumb\":{\"@id\":\"https:\/\/petersontechnologies.com\/pt\/platforms\/pure\/thank-you\/#breadcrumb\"},\"inLanguage\":\"es\",\"potentialAction\":[{\"@type\":\"ReadAction\",\"target\":[\"https:\/\/petersontechnologies.com\/pt\/platforms\/pure\/thank-you\/\"]}]},{\"@type\":\"BreadcrumbList\",\"@id\":\"https:\/\/petersontechnologies.com\/pt\/platforms\/pure\/thank-you\/#breadcrumb\",\"itemListElement\":[{\"@type\":\"ListItem\",\"position\":1,\"name\":\"Home\",\"item\":\"https:\/\/petersontechnologies.com\/\"},{\"@type\":\"ListItem\",\"position\":2,\"name\":\"Platforms &#8211; Innovative Solutions For a Greener Future\",\"item\":\"https:\/\/petersontechnologies.com\/es\/platforms\/\"},{\"@type\":\"ListItem\",\"position\":3,\"name\":\"GHG Platform &#8211; Emissions Calculations Made Simple\",\"item\":\"https:\/\/petersontechnologies.com\/pt\/platforms\/pure\/\"},{\"@type\":\"ListItem\",\"position\":4,\"name\":\"Thank You!\"}]},{\"@type\":\"WebSite\",\"@id\":\"https:\/\/petersontechnologies.com\/#website\",\"url\":\"https:\/\/petersontechnologies.com\/\",\"name\":\"Peterson Technologies\",\"description\":\"\",\"publisher\":{\"@id\":\"https:\/\/petersontechnologies.com\/#organization\"},\"potentialAction\":[{\"@type\":\"SearchAction\",\"target\":{\"@type\":\"EntryPoint\",\"urlTemplate\":\"https:\/\/petersontechnologies.com\/?s={search_term_string}\"},\"query-input\":{\"@type\":\"PropertyValueSpecification\",\"valueRequired\":true,\"valueName\":\"search_term_string\"}}],\"inLanguage\":\"es\"},{\"@type\":\"Organization\",\"@id\":\"https:\/\/petersontechnologies.com\/#organization\",\"name\":\"Peterson Technologies\",\"url\":\"https:\/\/petersontechnologies.com\/\",\"logo\":{\"@type\":\"ImageObject\",\"inLanguage\":\"es\",\"@id\":\"https:\/\/petersontechnologies.com\/#\/schema\/logo\/image\/\",\"url\":\"https:\/\/petersontechnologies.com\/wp-content\/uploads\/2025\/01\/Peterson-Solutions-Logo_Full-Colour.png\",\"contentUrl\":\"https:\/\/petersontechnologies.com\/wp-content\/uploads\/2025\/01\/Peterson-Solutions-Logo_Full-Colour.png\",\"width\":1986,\"height\":240,\"caption\":\"Peterson Technologies\"},\"image\":{\"@id\":\"https:\/\/petersontechnologies.com\/#\/schema\/logo\/image\/\"}}]}<\/script>\n<!-- \/ Yoast SEO plugin. -->","yoast_head_json":{"title":"Thank You! - Peterson Technologies - Sustainability and Agritech Digital Solutions","robots":{"index":"index","follow":"follow","max-snippet":"max-snippet:-1","max-image-preview":"max-image-preview:large","max-video-preview":"max-video-preview:-1"},"canonical":"https:\/\/petersontechnologies.com\/es\/platforms\/pure\/thank-you\/","og_locale":"es_ES","og_type":"article","og_title":"Thank You! - Peterson Technologies - Sustainability and Agritech Digital Solutions","og_description":"Meanwhile, we invite you to read our latest posts Explore insights on geoservices, data analytics, and innovative technology. Stay informed with expert tips, case studies, and industry trends to help you make smarter decisions.","og_url":"https:\/\/petersontechnologies.com\/es\/platforms\/pure\/thank-you\/","og_site_name":"Peterson Technologies - Sustainability and Agritech Digital Solutions","article_modified_time":"2024-11-12T17:38:25+00:00","og_image":[{"width":1986,"height":240,"url":"https:\/\/petersontechnologies.com\/wp-content\/uploads\/2025\/01\/Peterson-Solutions-Logo_Full-Colour.png","type":"image\/png"}],"twitter_card":"summary_large_image","twitter_misc":{"Tiempo de lectura":"4 minutos"},"schema":{"@context":"https:\/\/schema.org","@graph":[{"@type":"WebPage","@id":"https:\/\/petersontechnologies.com\/pt\/platforms\/pure\/thank-you\/","url":"https:\/\/petersontechnologies.com\/pt\/platforms\/pure\/thank-you\/","name":"Thank You! - Peterson Technologies - Sustainability and Agritech Digital Solutions","isPartOf":{"@id":"https:\/\/petersontechnologies.com\/#website"},"datePublished":"2024-11-12T17:33:06+00:00","dateModified":"2024-11-12T17:38:25+00:00","breadcrumb":{"@id":"https:\/\/petersontechnologies.com\/pt\/platforms\/pure\/thank-you\/#breadcrumb"},"inLanguage":"es","potentialAction":[{"@type":"ReadAction","target":["https:\/\/petersontechnologies.com\/pt\/platforms\/pure\/thank-you\/"]}]},{"@type":"BreadcrumbList","@id":"https:\/\/petersontechnologies.com\/pt\/platforms\/pure\/thank-you\/#breadcrumb","itemListElement":[{"@type":"ListItem","position":1,"name":"Home","item":"https:\/\/petersontechnologies.com\/"},{"@type":"ListItem","position":2,"name":"Platforms &#8211; Innovative Solutions For a Greener Future","item":"https:\/\/petersontechnologies.com\/es\/platforms\/"},{"@type":"ListItem","position":3,"name":"GHG Platform &#8211; Emissions Calculations Made Simple","item":"https:\/\/petersontechnologies.com\/pt\/platforms\/pure\/"},{"@type":"ListItem","position":4,"name":"Thank You!"}]},{"@type":"WebSite","@id":"https:\/\/petersontechnologies.com\/#website","url":"https:\/\/petersontechnologies.com\/","name":"Peterson Technologies","description":"","publisher":{"@id":"https:\/\/petersontechnologies.com\/#organization"},"potentialAction":[{"@type":"SearchAction","target":{"@type":"EntryPoint","urlTemplate":"https:\/\/petersontechnologies.com\/?s={search_term_string}"},"query-input":{"@type":"PropertyValueSpecification","valueRequired":true,"valueName":"search_term_string"}}],"inLanguage":"es"},{"@type":"Organization","@id":"https:\/\/petersontechnologies.com\/#organization","name":"Peterson Technologies","url":"https:\/\/petersontechnologies.com\/","logo":{"@type":"ImageObject","inLanguage":"es","@id":"https:\/\/petersontechnologies.com\/#\/schema\/logo\/image\/","url":"https:\/\/petersontechnologies.com\/wp-content\/uploads\/2025\/01\/Peterson-Solutions-Logo_Full-Colour.png","contentUrl":"https:\/\/petersontechnologies.com\/wp-content\/uploads\/2025\/01\/Peterson-Solutions-Logo_Full-Colour.png","width":1986,"height":240,"caption":"Peterson Technologies"},"image":{"@id":"https:\/\/petersontechnologies.com\/#\/schema\/logo\/image\/"}}]}},"uagb_featured_image_src":{"full":false,"thumbnail":false,"medium":false,"medium_large":false,"large":false,"1536x1536":false,"2048x2048":false,"trp-custom-language-flag":false,"gform-image-choice-sm":false,"gform-image-choice-md":false,"gform-image-choice-lg":false},"uagb_author_info":{"display_name":"peterson","author_link":"https:\/\/petersontechnologies.com\/es\/author\/peterson\/"},"uagb_comment_info":0,"uagb_excerpt":"Meanwhile, we invite you to read our latest posts Explore insights on geoservices, data analytics, and innovative technology. Stay informed with expert tips, case studies, and industry trends to help you make smarter decisions.","_links":{"self":[{"href":"https:\/\/petersontechnologies.com\/es\/wp-json\/wp\/v2\/pages\/1754","targetHints":{"allow":["GET"]}}],"collection":[{"href":"https:\/\/petersontechnologies.com\/es\/wp-json\/wp\/v2\/pages"}],"about":[{"href":"https:\/\/petersontechnologies.com\/es\/wp-json\/wp\/v2\/types\/page"}],"author":[{"embeddable":true,"href":"https:\/\/petersontechnologies.com\/es\/wp-json\/wp\/v2\/users\/2"}],"replies":[{"embeddable":true,"href":"https:\/\/petersontechnologies.com\/es\/wp-json\/wp\/v2\/comments?post=1754"}],"version-history":[{"count":9,"href":"https:\/\/petersontechnologies.com\/es\/wp-json\/wp\/v2\/pages\/1754\/revisions"}],"predecessor-version":[{"id":1768,"href":"https:\/\/petersontechnologies.com\/es\/wp-json\/wp\/v2\/pages\/1754\/revisions\/1768"}],"up":[{"embeddable":true,"href":"https:\/\/petersontechnologies.com\/es\/wp-json\/wp\/v2\/pages\/1076"}],"wp:attachment":[{"href":"https:\/\/petersontechnologies.com\/es\/wp-json\/wp\/v2\/media?parent=1754"}],"curies":[{"name":"wp","href":"https:\/\/api.w.org\/{rel}","templated":true}]}}