{"id":1076,"date":"2024-09-25T22:32:04","date_gmt":"2024-09-25T22:32:04","guid":{"rendered":"https:\/\/petersontechnologies.com\/?page_id=1076"},"modified":"2025-02-20T16:38:10","modified_gmt":"2025-02-20T16:38:10","slug":"pure","status":"publish","type":"page","link":"https:\/\/petersontechnologies.com\/es\/platforms\/pure\/","title":{"rendered":"GHG Platform &#8211; Emissions Calculations Made Simple"},"content":{"rendered":"<div id=\"intro\" class=\"wp-block-uagb-container uagb-block-4741146c alignfull uagb-is-root-container\"><div class=\"uagb-container-inner-blocks-wrap\">\n<div data-aos= \"fade-down\" data-aos-duration=\"400\" data-aos-delay=\"0\" data-aos-easing=\"ease\" data-aos-once=\"true\" class=\"wp-block-uagb-image uagb-block-ab7c1fa3 wp-block-uagb-image--layout-default wp-block-uagb-image--effect-static wp-block-uagb-image--align-none\"><figure class=\"wp-block-uagb-image__figure\"><img decoding=\"async\" srcset=\"https:\/\/petersontechnologies.com\/wp-content\/uploads\/2024\/09\/PURE_icon.png ,https:\/\/petersontechnologies.com\/wp-content\/uploads\/2024\/09\/PURE_icon.png 780w, https:\/\/petersontechnologies.com\/wp-content\/uploads\/2024\/09\/PURE_icon.png 360w\" sizes=\"auto, (max-width: 480px) 150px\" src=\"https:\/\/petersontechnologies.com\/wp-content\/uploads\/2024\/09\/PURE_icon.png\" alt=\"\" class=\"uag-image-1101\" width=\"80\" height=\"80\" title=\"PURE_icon\" loading=\"lazy\" role=\"img\"\/><\/figure><\/div>\n\n\n\n<div class=\"wp-block-uagb-container uagb-block-22006212\">\n<div data-aos= \"fade-down\" data-aos-duration=\"400\" data-aos-delay=\"0\" data-aos-easing=\"ease\" data-aos-once=\"true\" class=\"wp-block-uagb-info-box uagb-block-4a341757 uagb-infobox__content-wrap  uagb-infobox-icon-above-title uagb-infobox-image-valign-top hero-text platform-h1\"><div class=\"uagb-ifb-content\"><div class=\"uagb-ifb-title-wrap\"><h1 class=\"uagb-ifb-title-prefix\">Controle su huella de carbono con nuestra plataforma GEI<\/h1><div class=\"uagb-ifb-separator\"><\/div><\/div><\/div><\/div>\n<\/div>\n<\/div><\/div>\n\n\n\n<div data-aos= \"fade-down\" data-aos-duration=\"400\" data-aos-delay=\"0\" data-aos-easing=\"ease\" data-aos-once=\"true\" class=\"wp-block-uagb-container uagb-block-6d979120 alignfull uagb-is-root-container\"><div class=\"uagb-container-inner-blocks-wrap\">\n<figure class=\"wp-block-image size-full platform-hero-img\"><img loading=\"lazy\" decoding=\"async\" width=\"1024\" height=\"607\" src=\"https:\/\/petersontechnologies.com\/wp-content\/uploads\/2024\/09\/PURE_dashboard.jpeg\" alt=\"\" class=\"wp-image-1088\"\/><\/figure>\n<\/div><\/div>\n\n\n\n<div id=\"solutions\" class=\"wp-block-uagb-container services uagb-block-bab325b7 alignfull uagb-is-root-container\"><div class=\"uagb-container-inner-blocks-wrap\">\n<div data-aos= \"fade-down\" data-aos-duration=\"400\" data-aos-delay=\"0\" data-aos-easing=\"ease\" data-aos-once=\"true\" class=\"wp-block-uagb-advanced-heading uagb-block-e2344a42\"><h2 class=\"uagb-heading-text\">M\u00e1s que un programa inform\u00e1tico<\/h2><div class=\"uagb-separator\"><\/div><p class=\"uagb-desc-text\">Al elegir nuestra plataforma, tendr\u00e1 acceso a un sistema de vanguardia adaptado espec\u00edficamente a las necesidades de su empresa por expertos l\u00edderes del sector.<\/p><\/div>\n\n\n\n<div class=\"wp-block-uagb-container uagb-block-576a2787\">\n<div data-aos= \"fade-down\" data-aos-duration=\"400\" data-aos-delay=\"0\" data-aos-easing=\"ease\" data-aos-once=\"true\" class=\"wp-block-uagb-container uagb-block-84d1f0cd\">\n<div class=\"wp-block-uagb-info-box uagb-block-5d115bbb uagb-infobox__content-wrap  uagb-infobox-icon-above-title uagb-infobox-image-valign-top\"><div class=\"uagb-ifb-content\"><div class=\"uagb-ifb-image-content\"><img decoding=\"async\" src=\"https:\/\/petersontechnologies.com\/wp-content\/uploads\/2024\/08\/scoping_icon.png\" alt=\"\" width=\"14\" height=\"14\" loading=\"lazy\"\/><\/div><div class=\"uagb-ifb-title-wrap\"><h4 class=\"uagb-ifb-title\">Evaluaci\u00f3n inicial<\/h4><\/div><p class=\"uagb-ifb-desc\">\u00bfNo sabe c\u00f3mo empezar? Programe una sesi\u00f3n con nuestros especialistas en GEI para evaluar el estado actual de las emisiones de su empresa.<\/p><\/div><\/div>\n<\/div>\n\n\n\n<div data-aos= \"fade-down\" data-aos-duration=\"400\" data-aos-delay=\"0\" data-aos-easing=\"ease\" data-aos-once=\"true\" class=\"wp-block-uagb-container uagb-block-09c4f0c2\">\n<div class=\"wp-block-uagb-info-box uagb-block-99a024d1 uagb-infobox__content-wrap  uagb-infobox-icon-above-title uagb-infobox-image-valign-top\"><div class=\"uagb-ifb-content\"><div class=\"uagb-ifb-image-content\"><img decoding=\"async\" src=\"https:\/\/petersontechnologies.com\/wp-content\/uploads\/2024\/09\/search.png\" alt=\"\" width=\"14\" height=\"14\" loading=\"lazy\"\/><\/div><div class=\"uagb-ifb-title-wrap\"><h4 class=\"uagb-ifb-title\">Investigaci\u00f3n empresarial<\/h4><\/div><p class=\"uagb-ifb-desc\">Nuestro equipo realiza un an\u00e1lisis exhaustivo de sus operaciones, identificando las fuentes de emisiones y aplicando factores precisos para obtener mediciones exactas.<\/p><\/div><\/div>\n<\/div>\n\n\n\n<div data-aos= \"fade-down\" data-aos-duration=\"400\" data-aos-delay=\"0\" data-aos-easing=\"ease\" data-aos-once=\"true\" class=\"wp-block-uagb-container uagb-block-0d266493\">\n<div class=\"wp-block-uagb-info-box uagb-block-ecf2295d uagb-infobox__content-wrap  uagb-infobox-icon-above-title uagb-infobox-image-valign-top\"><div class=\"uagb-ifb-content\"><div class=\"uagb-ifb-image-content\"><img decoding=\"async\" src=\"https:\/\/petersontechnologies.com\/wp-content\/uploads\/2024\/09\/cloud.png\" alt=\"\" width=\"14\" height=\"14\" loading=\"lazy\"\/><\/div><div class=\"uagb-ifb-title-wrap\"><h4 class=\"uagb-ifb-title\">C\u00e1lculo de la huella de carbono<\/h4><\/div><p class=\"uagb-ifb-desc\">La plataforma PURE calcula la huella de carbono de su empresa a partir de los datos enviados, lo que garantiza unos resultados precisos y fiables.<\/p><\/div><\/div>\n<\/div>\n\n\n\n<div data-aos= \"fade-down\" data-aos-duration=\"400\" data-aos-delay=\"0\" data-aos-easing=\"ease\" data-aos-once=\"true\" class=\"wp-block-uagb-container uagb-block-7c2e7a33\">\n<div class=\"wp-block-uagb-info-box uagb-block-a28acd89 uagb-infobox__content-wrap  uagb-infobox-icon-above-title uagb-infobox-image-valign-top\"><div class=\"uagb-ifb-content\"><div class=\"uagb-ifb-image-content\"><img decoding=\"async\" src=\"https:\/\/petersontechnologies.com\/wp-content\/uploads\/2024\/09\/report.png\" alt=\"\" width=\"14\" height=\"14\" loading=\"lazy\"\/><\/div><div class=\"uagb-ifb-title-wrap\"><h4 class=\"uagb-ifb-title\">Informes<\/h4><\/div><p class=\"uagb-ifb-desc\">Entregamos informes personalizados con informaci\u00f3n pr\u00e1ctica, que esbozan estrategias para reducir las emisiones e impulsar resultados duraderos.<\/p><\/div><\/div>\n<\/div>\n\n\n\n<div data-aos= \"fade-down\" data-aos-duration=\"400\" data-aos-delay=\"0\" data-aos-easing=\"ease\" data-aos-once=\"true\" class=\"wp-block-uagb-container uagb-block-a807def5\">\n<div class=\"wp-block-uagb-info-box uagb-block-d22f275a uagb-infobox__content-wrap  uagb-infobox-icon-above-title uagb-infobox-image-valign-top\"><div class=\"uagb-ifb-content\"><div class=\"uagb-ifb-image-content\"><img decoding=\"async\" src=\"https:\/\/petersontechnologies.com\/wp-content\/uploads\/2024\/09\/world-reduction.png\" alt=\"\" width=\"14\" height=\"14\" loading=\"lazy\"\/><\/div><div class=\"uagb-ifb-title-wrap\"><h4 class=\"uagb-ifb-title\">Planes de reducci\u00f3n<\/h4><\/div><p class=\"uagb-ifb-desc\">Reciba planes de reducci\u00f3n a medida que se adapten a su perfil de emisiones, centr\u00e1ndose en estrategias con un impacto duradero y medible.<\/p><\/div><\/div>\n<\/div>\n\n\n\n<div data-aos= \"fade-down\" data-aos-duration=\"400\" data-aos-delay=\"0\" data-aos-easing=\"ease\" data-aos-once=\"true\" class=\"wp-block-uagb-container uagb-block-47e18fc5\">\n<div class=\"wp-block-uagb-info-box uagb-block-c0a4f7ef uagb-infobox__content-wrap  uagb-infobox-icon-above-title uagb-infobox-image-valign-top\"><div class=\"uagb-ifb-content\"><div class=\"uagb-ifb-image-content\"><img decoding=\"async\" src=\"https:\/\/petersontechnologies.com\/wp-content\/uploads\/2024\/08\/training_icon.png\" alt=\"\" width=\"14\" height=\"14\" loading=\"lazy\"\/><\/div><div class=\"uagb-ifb-title-wrap\"><h4 class=\"uagb-ifb-title\">Capacitaci\u00f3n<\/h4><\/div><p class=\"uagb-ifb-desc\">Nuestros programas de formaci\u00f3n especializada dotan a su equipo de los conocimientos y habilidades esenciales para el \u00e9xito continuado en la gesti\u00f3n de emisiones.<\/p><\/div><\/div>\n<\/div>\n<\/div>\n<\/div><\/div>\n\n\n\n<div id=\"about\" class=\"wp-block-uagb-container uagb-block-022e4851 alignfull uagb-is-root-container\"><div class=\"uagb-container-inner-blocks-wrap\">\n<div class=\"wp-block-uagb-container uagb-block-e9f98931\">\n<div data-aos= \"fade-right\" data-aos-duration=\"400\" data-aos-delay=\"0\" data-aos-easing=\"ease\" data-aos-once=\"true\" class=\"wp-block-uagb-image alignleft uagb-block-6fe9a579 wp-block-uagb-image--layout-default wp-block-uagb-image--effect-static wp-block-uagb-image--align-left\"><figure class=\"wp-block-uagb-image__figure\"><img decoding=\"async\" srcset=\"https:\/\/petersontechnologies.com\/wp-content\/uploads\/2024\/09\/PURE_1.png ,https:\/\/petersontechnologies.com\/wp-content\/uploads\/2024\/09\/PURE_1.png 780w, https:\/\/petersontechnologies.com\/wp-content\/uploads\/2024\/09\/PURE_1.png 360w\" sizes=\"auto, (max-width: 480px) 150px\" src=\"https:\/\/petersontechnologies.com\/wp-content\/uploads\/2024\/09\/PURE_1.png\" alt=\"\" class=\"uag-image-1318\" width=\"480\" height=\"576\" title=\"PURE_1\" loading=\"lazy\" role=\"img\"\/><\/figure><\/div>\n\n\n\n<div data-aos= \"fade-right\" data-aos-duration=\"400\" data-aos-delay=\"0\" data-aos-easing=\"ease\" data-aos-once=\"true\" class=\"wp-block-uagb-image alignright uagb-block-dec73cc5 wp-block-uagb-image--layout-default wp-block-uagb-image--effect-static wp-block-uagb-image--align-right\"><figure class=\"wp-block-uagb-image__figure\"><img decoding=\"async\" srcset=\"https:\/\/petersontechnologies.com\/wp-content\/uploads\/2024\/09\/PURE_2.png ,https:\/\/petersontechnologies.com\/wp-content\/uploads\/2024\/09\/PURE_2.png 780w, https:\/\/petersontechnologies.com\/wp-content\/uploads\/2024\/09\/PURE_2.png 360w\" sizes=\"auto, (max-width: 480px) 150px\" src=\"https:\/\/petersontechnologies.com\/wp-content\/uploads\/2024\/09\/PURE_2.png\" alt=\"\" class=\"uag-image-1319\" width=\"245\" height=\"367\" title=\"PURE_2\" loading=\"lazy\" role=\"img\"\/><\/figure><\/div>\n<\/div>\n\n\n\n<div class=\"wp-block-uagb-container uagb-block-fa6dac93\">\n<div data-aos= \"fade-left\" data-aos-duration=\"400\" data-aos-delay=\"0\" data-aos-easing=\"ease\" data-aos-once=\"true\" class=\"wp-block-uagb-info-box uagb-block-0802725e uagb-infobox__content-wrap  uagb-infobox-icon-above-title uagb-infobox-image-valign-top intro-text\"><div class=\"uagb-ifb-content\"><div class=\"uagb-ifb-title-wrap\"><h2 class=\"uagb-ifb-title\">Conozca su huella de carbono y act\u00fae<\/h2><\/div><div class=\"uagb-ifb-separator\"><\/div><p class=\"uagb-ifb-desc\">Calcular con precisi\u00f3n las emisiones de su empresa es el primer paso hacia un futuro sostenible. Nuestra vanguardista plataforma de gesti\u00f3n de emisiones, desarrollada junto a m\u00e1s de 50 expertos en GEI, est\u00e1 dise\u00f1ada para afrontar los retos espec\u00edficos de su sector.<br><br>Esta soluci\u00f3n integral le ayuda no s\u00f3lo a cumplir los requisitos de conformidad, sino tambi\u00e9n a conseguir una reducci\u00f3n de las emisiones de carbono a largo plazo. Al aprovechar las \u00faltimas normativas, tecnolog\u00edas y mejores pr\u00e1cticas, la plataforma equipa a su empresa para liderar la responsabilidad medioambiental.<\/p><\/div><\/div>\n<\/div>\n<\/div><\/div>\n\n\n\n<div class=\"wp-block-uagb-container uagb-layout-flex uagb-block-c854d785 alignfull uagb-is-root-container\"><div class=\"uagb-container-inner-blocks-wrap\">\n<div data-aos= \"fade-down\" data-aos-duration=\"400\" data-aos-delay=\"0\" data-aos-easing=\"ease\" data-aos-once=\"true\" class=\"wp-block-uagb-container uagb-layout-grid uagb-block-1af7d822\">\n<div class=\"wp-block-uagb-advanced-heading uagb-block-0b9f45a6\"><h3 class=\"uagb-heading-text\">\u00bfEst\u00e1 listo para ver nuestra plataforma en acci\u00f3n? Programe una demostraci\u00f3n hoy mismo<\/h3><\/div>\n\n\n\n<div class=\"wp-block-uagb-buttons uagb-buttons__outer-wrap uagb-btn__default-btn uagb-btn-tablet__default-btn uagb-btn-mobile__default-btn uagb-block-1402d9bd\"><div class=\"uagb-buttons__wrap uagb-buttons-layout-wrap\">\n<div class=\"wp-block-uagb-buttons-child uagb-buttons__outer-wrap uagb-block-6b3c00a0 wp-block-button\"><div class=\"uagb-button__wrapper\"><a class=\"uagb-buttons-repeater wp-block-button__link\" aria-label=\"\" href=\"\/es\/contact\/\" rel=\"follow noopener\" target=\"_blank\" role=\"button\"><div class=\"uagb-button__link\">Programe una demostraci\u00f3n<\/div><\/a><\/div><\/div>\n<\/div><\/div>\n<\/div>\n<\/div><\/div>\n\n\n\n<p><\/p>","protected":false},"excerpt":{"rendered":"<p>More than just a software By choosing our platform, you&#8217;ll gain access to a cutting-edge system tailored specifically to your company&#8217;s needs by leading industry experts. Ready to see our platform in action? Schedule a demo today<\/p>","protected":false},"author":2,"featured_media":0,"parent":1960,"menu_order":0,"comment_status":"closed","ping_status":"closed","template":"","meta":{"content-type":"","_uag_custom_page_level_css":".mockup-img img {\n\toverflow: visible!important;\n\tmargin-left: 160px;\n}\n\n.img-mockup-mb {\n\tpadding-left: 60px;\n}\n\n.paio-section {\n\tmax-height: 340px;\n}\n\n@media (min-width:1000px) {\n\t.hero-text h4 {\n\tmax-width: 500px;\n\t}\n\t\n\t.intro-text h2 {\n\t\tmax-width: 400px;\n\t}\n}\n\n@media (max-width:800px) {\n\t.uagb-ifb-image-content img {\n\t\twidth: 35px!important;\n\t\tmargin-top: 16px;\n\t}\n}","site-sidebar-layout":"no-sidebar","site-content-layout":"plain-container","ast-site-content-layout":"full-width-container","site-content-style":"unboxed","site-sidebar-style":"unboxed","ast-global-header-display":"","ast-banner-title-visibility":"","ast-main-header-display":"","ast-hfb-above-header-display":"","ast-hfb-below-header-display":"","ast-hfb-mobile-header-display":"","site-post-title":"disabled","ast-breadcrumbs-content":"","ast-featured-img":"disabled","footer-sml-layout":"","theme-transparent-header-meta":"default","adv-header-id-meta":"","stick-header-meta":"","header-above-stick-meta":"","header-main-stick-meta":"","header-below-stick-meta":"","astra-migrate-meta-layouts":"set","ast-page-background-enabled":"default","ast-page-background-meta":{"desktop":{"background-color":"","background-image":"","background-repeat":"repeat","background-position":"center center","background-size":"auto","background-attachment":"scroll","background-type":"","background-media":"","overlay-type":"","overlay-color":"","overlay-opacity":"","overlay-gradient":""},"tablet":{"background-color":"","background-image":"","background-repeat":"repeat","background-position":"center center","background-size":"auto","background-attachment":"scroll","background-type":"","background-media":"","overlay-type":"","overlay-color":"","overlay-opacity":"","overlay-gradient":""},"mobile":{"background-color":"","background-image":"","background-repeat":"repeat","background-position":"center center","background-size":"auto","background-attachment":"scroll","background-type":"","background-media":"","overlay-type":"","overlay-color":"","overlay-opacity":"","overlay-gradient":""}},"ast-content-background-meta":{"desktop":{"background-color":"var(--ast-global-color-5)","background-image":"","background-repeat":"repeat","background-position":"center center","background-size":"auto","background-attachment":"scroll","background-type":"","background-media":"","overlay-type":"","overlay-color":"","overlay-opacity":"","overlay-gradient":""},"tablet":{"background-color":"var(--ast-global-color-5)","background-image":"","background-repeat":"repeat","background-position":"center center","background-size":"auto","background-attachment":"scroll","background-type":"","background-media":"","overlay-type":"","overlay-color":"","overlay-opacity":"","overlay-gradient":""},"mobile":{"background-color":"var(--ast-global-color-5)","background-image":"","background-repeat":"repeat","background-position":"center center","background-size":"auto","background-attachment":"scroll","background-type":"","background-media":"","overlay-type":"","overlay-color":"","overlay-opacity":"","overlay-gradient":""}},"footnotes":""},"class_list":["post-1076","page","type-page","status-publish","hentry"],"yoast_head":"<!-- This site is optimized with the Yoast SEO plugin v26.8 - https:\/\/yoast.com\/product\/yoast-seo-wordpress\/ -->\n<title>GHG Platform - Emissions Calculations Made Simple - Peterson Technologies - Sustainability and Agritech Digital Solutions<\/title>\n<meta name=\"robots\" content=\"index, follow, max-snippet:-1, max-image-preview:large, max-video-preview:-1\" \/>\n<link rel=\"canonical\" href=\"https:\/\/petersontechnologies.com\/es\/platforms\/pure\/\" \/>\n<meta property=\"og:locale\" content=\"es_ES\" \/>\n<meta property=\"og:type\" content=\"article\" \/>\n<meta property=\"og:title\" content=\"GHG Platform - Emissions Calculations Made Simple - Peterson Technologies - Sustainability and Agritech Digital Solutions\" \/>\n<meta property=\"og:description\" content=\"More than just a software By choosing our platform, you&#8217;ll gain access to a cutting-edge system tailored specifically to your company&#8217;s needs by leading industry experts. Ready to see our platform in action? Schedule a demo today\" \/>\n<meta property=\"og:url\" content=\"https:\/\/petersontechnologies.com\/es\/platforms\/pure\/\" \/>\n<meta property=\"og:site_name\" content=\"Peterson Technologies - Sustainability and Agritech Digital Solutions\" \/>\n<meta property=\"article:modified_time\" content=\"2025-02-20T16:38:10+00:00\" \/>\n<meta property=\"og:image\" content=\"https:\/\/petersontechnologies.com\/wp-content\/uploads\/2024\/09\/PURE_icon.png\" \/>\n<meta name=\"twitter:card\" content=\"summary_large_image\" \/>\n<meta name=\"twitter:label1\" content=\"Tiempo de lectura\" \/>\n\t<meta name=\"twitter:data1\" content=\"4 minutos\" \/>\n<script type=\"application\/ld+json\" class=\"yoast-schema-graph\">{\"@context\":\"https:\/\/schema.org\",\"@graph\":[{\"@type\":\"WebPage\",\"@id\":\"https:\/\/petersontechnologies.com\/pt\/platforms\/pure\/\",\"url\":\"https:\/\/petersontechnologies.com\/pt\/platforms\/pure\/\",\"name\":\"GHG Platform - Emissions Calculations Made Simple - Peterson Technologies - Sustainability and Agritech Digital Solutions\",\"isPartOf\":{\"@id\":\"https:\/\/petersontechnologies.com\/#website\"},\"primaryImageOfPage\":{\"@id\":\"https:\/\/petersontechnologies.com\/pt\/platforms\/pure\/#primaryimage\"},\"image\":{\"@id\":\"https:\/\/petersontechnologies.com\/pt\/platforms\/pure\/#primaryimage\"},\"thumbnailUrl\":\"https:\/\/petersontechnologies.com\/wp-content\/uploads\/2024\/09\/PURE_icon.png\",\"datePublished\":\"2024-09-25T22:32:04+00:00\",\"dateModified\":\"2025-02-20T16:38:10+00:00\",\"breadcrumb\":{\"@id\":\"https:\/\/petersontechnologies.com\/pt\/platforms\/pure\/#breadcrumb\"},\"inLanguage\":\"es\",\"potentialAction\":[{\"@type\":\"ReadAction\",\"target\":[\"https:\/\/petersontechnologies.com\/pt\/platforms\/pure\/\"]}]},{\"@type\":\"ImageObject\",\"inLanguage\":\"es\",\"@id\":\"https:\/\/petersontechnologies.com\/pt\/platforms\/pure\/#primaryimage\",\"url\":\"https:\/\/petersontechnologies.com\/wp-content\/uploads\/2024\/09\/PURE_icon.png\",\"contentUrl\":\"https:\/\/petersontechnologies.com\/wp-content\/uploads\/2024\/09\/PURE_icon.png\"},{\"@type\":\"BreadcrumbList\",\"@id\":\"https:\/\/petersontechnologies.com\/pt\/platforms\/pure\/#breadcrumb\",\"itemListElement\":[{\"@type\":\"ListItem\",\"position\":1,\"name\":\"Home\",\"item\":\"https:\/\/petersontechnologies.com\/\"},{\"@type\":\"ListItem\",\"position\":2,\"name\":\"Platforms &#8211; Innovative Solutions For a Greener Future\",\"item\":\"https:\/\/petersontechnologies.com\/es\/platforms\/\"},{\"@type\":\"ListItem\",\"position\":3,\"name\":\"GHG Platform &#8211; Emissions Calculations Made Simple\"}]},{\"@type\":\"WebSite\",\"@id\":\"https:\/\/petersontechnologies.com\/#website\",\"url\":\"https:\/\/petersontechnologies.com\/\",\"name\":\"Peterson Technologies\",\"description\":\"\",\"publisher\":{\"@id\":\"https:\/\/petersontechnologies.com\/#organization\"},\"potentialAction\":[{\"@type\":\"SearchAction\",\"target\":{\"@type\":\"EntryPoint\",\"urlTemplate\":\"https:\/\/petersontechnologies.com\/?s={search_term_string}\"},\"query-input\":{\"@type\":\"PropertyValueSpecification\",\"valueRequired\":true,\"valueName\":\"search_term_string\"}}],\"inLanguage\":\"es\"},{\"@type\":\"Organization\",\"@id\":\"https:\/\/petersontechnologies.com\/#organization\",\"name\":\"Peterson Technologies\",\"url\":\"https:\/\/petersontechnologies.com\/\",\"logo\":{\"@type\":\"ImageObject\",\"inLanguage\":\"es\",\"@id\":\"https:\/\/petersontechnologies.com\/#\/schema\/logo\/image\/\",\"url\":\"https:\/\/petersontechnologies.com\/wp-content\/uploads\/2025\/01\/Peterson-Solutions-Logo_Full-Colour.png\",\"contentUrl\":\"https:\/\/petersontechnologies.com\/wp-content\/uploads\/2025\/01\/Peterson-Solutions-Logo_Full-Colour.png\",\"width\":1986,\"height\":240,\"caption\":\"Peterson Technologies\"},\"image\":{\"@id\":\"https:\/\/petersontechnologies.com\/#\/schema\/logo\/image\/\"}}]}<\/script>\n<!-- \/ Yoast SEO plugin. -->","yoast_head_json":{"title":"GHG Platform - Emissions Calculations Made Simple - Peterson Technologies - Sustainability and Agritech Digital Solutions","robots":{"index":"index","follow":"follow","max-snippet":"max-snippet:-1","max-image-preview":"max-image-preview:large","max-video-preview":"max-video-preview:-1"},"canonical":"https:\/\/petersontechnologies.com\/es\/platforms\/pure\/","og_locale":"es_ES","og_type":"article","og_title":"GHG Platform - Emissions Calculations Made Simple - Peterson Technologies - Sustainability and Agritech Digital Solutions","og_description":"More than just a software By choosing our platform, you&#8217;ll gain access to a cutting-edge system tailored specifically to your company&#8217;s needs by leading industry experts. Ready to see our platform in action? Schedule a demo today","og_url":"https:\/\/petersontechnologies.com\/es\/platforms\/pure\/","og_site_name":"Peterson Technologies - Sustainability and Agritech Digital Solutions","article_modified_time":"2025-02-20T16:38:10+00:00","og_image":[{"url":"https:\/\/petersontechnologies.com\/wp-content\/uploads\/2024\/09\/PURE_icon.png","type":"","width":"","height":""}],"twitter_card":"summary_large_image","twitter_misc":{"Tiempo de lectura":"4 minutos"},"schema":{"@context":"https:\/\/schema.org","@graph":[{"@type":"WebPage","@id":"https:\/\/petersontechnologies.com\/pt\/platforms\/pure\/","url":"https:\/\/petersontechnologies.com\/pt\/platforms\/pure\/","name":"GHG Platform - Emissions Calculations Made Simple - Peterson Technologies - Sustainability and Agritech Digital Solutions","isPartOf":{"@id":"https:\/\/petersontechnologies.com\/#website"},"primaryImageOfPage":{"@id":"https:\/\/petersontechnologies.com\/pt\/platforms\/pure\/#primaryimage"},"image":{"@id":"https:\/\/petersontechnologies.com\/pt\/platforms\/pure\/#primaryimage"},"thumbnailUrl":"https:\/\/petersontechnologies.com\/wp-content\/uploads\/2024\/09\/PURE_icon.png","datePublished":"2024-09-25T22:32:04+00:00","dateModified":"2025-02-20T16:38:10+00:00","breadcrumb":{"@id":"https:\/\/petersontechnologies.com\/pt\/platforms\/pure\/#breadcrumb"},"inLanguage":"es","potentialAction":[{"@type":"ReadAction","target":["https:\/\/petersontechnologies.com\/pt\/platforms\/pure\/"]}]},{"@type":"ImageObject","inLanguage":"es","@id":"https:\/\/petersontechnologies.com\/pt\/platforms\/pure\/#primaryimage","url":"https:\/\/petersontechnologies.com\/wp-content\/uploads\/2024\/09\/PURE_icon.png","contentUrl":"https:\/\/petersontechnologies.com\/wp-content\/uploads\/2024\/09\/PURE_icon.png"},{"@type":"BreadcrumbList","@id":"https:\/\/petersontechnologies.com\/pt\/platforms\/pure\/#breadcrumb","itemListElement":[{"@type":"ListItem","position":1,"name":"Home","item":"https:\/\/petersontechnologies.com\/"},{"@type":"ListItem","position":2,"name":"Platforms &#8211; Innovative Solutions For a Greener Future","item":"https:\/\/petersontechnologies.com\/es\/platforms\/"},{"@type":"ListItem","position":3,"name":"GHG Platform &#8211; Emissions Calculations Made Simple"}]},{"@type":"WebSite","@id":"https:\/\/petersontechnologies.com\/#website","url":"https:\/\/petersontechnologies.com\/","name":"Peterson Technologies","description":"","publisher":{"@id":"https:\/\/petersontechnologies.com\/#organization"},"potentialAction":[{"@type":"SearchAction","target":{"@type":"EntryPoint","urlTemplate":"https:\/\/petersontechnologies.com\/?s={search_term_string}"},"query-input":{"@type":"PropertyValueSpecification","valueRequired":true,"valueName":"search_term_string"}}],"inLanguage":"es"},{"@type":"Organization","@id":"https:\/\/petersontechnologies.com\/#organization","name":"Peterson Technologies","url":"https:\/\/petersontechnologies.com\/","logo":{"@type":"ImageObject","inLanguage":"es","@id":"https:\/\/petersontechnologies.com\/#\/schema\/logo\/image\/","url":"https:\/\/petersontechnologies.com\/wp-content\/uploads\/2025\/01\/Peterson-Solutions-Logo_Full-Colour.png","contentUrl":"https:\/\/petersontechnologies.com\/wp-content\/uploads\/2025\/01\/Peterson-Solutions-Logo_Full-Colour.png","width":1986,"height":240,"caption":"Peterson Technologies"},"image":{"@id":"https:\/\/petersontechnologies.com\/#\/schema\/logo\/image\/"}}]}},"uagb_featured_image_src":{"full":false,"thumbnail":false,"medium":false,"medium_large":false,"large":false,"1536x1536":false,"2048x2048":false,"trp-custom-language-flag":false,"gform-image-choice-sm":false,"gform-image-choice-md":false,"gform-image-choice-lg":false},"uagb_author_info":{"display_name":"peterson","author_link":"https:\/\/petersontechnologies.com\/es\/author\/peterson\/"},"uagb_comment_info":0,"uagb_excerpt":"More than just a software By choosing our platform, you&#8217;ll gain access to a cutting-edge system tailored specifically to your company&#8217;s needs by leading industry experts. Ready to see our platform in action? Schedule a demo today","_links":{"self":[{"href":"https:\/\/petersontechnologies.com\/es\/wp-json\/wp\/v2\/pages\/1076","targetHints":{"allow":["GET"]}}],"collection":[{"href":"https:\/\/petersontechnologies.com\/es\/wp-json\/wp\/v2\/pages"}],"about":[{"href":"https:\/\/petersontechnologies.com\/es\/wp-json\/wp\/v2\/types\/page"}],"author":[{"embeddable":true,"href":"https:\/\/petersontechnologies.com\/es\/wp-json\/wp\/v2\/users\/2"}],"replies":[{"embeddable":true,"href":"https:\/\/petersontechnologies.com\/es\/wp-json\/wp\/v2\/comments?post=1076"}],"version-history":[{"count":45,"href":"https:\/\/petersontechnologies.com\/es\/wp-json\/wp\/v2\/pages\/1076\/revisions"}],"predecessor-version":[{"id":2188,"href":"https:\/\/petersontechnologies.com\/es\/wp-json\/wp\/v2\/pages\/1076\/revisions\/2188"}],"up":[{"embeddable":true,"href":"https:\/\/petersontechnologies.com\/es\/wp-json\/wp\/v2\/pages\/1960"}],"wp:attachment":[{"href":"https:\/\/petersontechnologies.com\/es\/wp-json\/wp\/v2\/media?parent=1076"}],"curies":[{"name":"wp","href":"https:\/\/api.w.org\/{rel}","templated":true}]}}